{"id":133,"date":"2017-09-30T17:48:08","date_gmt":"2017-09-30T15:48:08","guid":{"rendered":"http:\/\/brivet-naudot.com\/?page_id=133"},"modified":"2026-03-17T22:48:10","modified_gmt":"2026-03-17T21:48:10","slug":"philosophie","status":"publish","type":"page","link":"https:\/\/brivet-naudot.com\/index.php\/philosophie\/","title":{"rendered":"Philosophie"},"content":{"rendered":"<p>[et_pb_section fb_built=\u00a0\u00bb1&Prime; admin_label=\u00a0\u00bbsection\u00a0\u00bb _builder_version=\u00a0\u00bb4.27.6&Prime; background_color=\u00a0\u00bb#a89789&Prime; global_colors_info=\u00a0\u00bb{}\u00a0\u00bb][et_pb_row admin_label=\u00a0\u00bbrow\u00a0\u00bb _builder_version=\u00a0\u00bb4.27.6&Prime; background_size=\u00a0\u00bbinitial\u00a0\u00bb background_position=\u00a0\u00bbtop_left\u00a0\u00bb background_repeat=\u00a0\u00bbrepeat\u00a0\u00bb custom_margin=\u00a0\u00bb-40px||||false|false\u00a0\u00bb hover_enabled=\u00a0\u00bb0&Prime; global_colors_info=\u00a0\u00bb{}\u00a0\u00bb sticky_enabled=\u00a0\u00bb0&Prime;][et_pb_column type=\u00a0\u00bb4_4&Prime; _builder_version=\u00a0\u00bb4.16&Prime; custom_padding=\u00a0\u00bb|||\u00a0\u00bb global_colors_info=\u00a0\u00bb{}\u00a0\u00bb custom_padding__hover=\u00a0\u00bb|||\u00a0\u00bb][et_pb_text admin_label=\u00a0\u00bbText\u00a0\u00bb _builder_version=\u00a0\u00bb4.27.6&Prime; text_font=\u00a0\u00bbFrank Ruhl Libre|300|||||||\u00a0\u00bb text_text_color=\u00a0\u00bb#000000&Prime; text_font_size=\u00a0\u00bb17px\u00a0\u00bb background_size=\u00a0\u00bbinitial\u00a0\u00bb background_position=\u00a0\u00bbtop_left\u00a0\u00bb background_repeat=\u00a0\u00bbrepeat\u00a0\u00bb background_layout=\u00a0\u00bbdark\u00a0\u00bb min_height=\u00a0\u00bb762.2px\u00a0\u00bb global_colors_info=\u00a0\u00bb{}\u00a0\u00bb]<\/p>\n<p>\u00a0 \u00a0 \u00a0 Nous sommes \u00e0 une \u00e9poque o\u00f9 les machines \u00e0 commandes num\u00e9riques se multiplient et se d\u00e9mocratisent au point de supplanter les machines dites conventionnelles. Ces machines se d\u00e9finissent par le fait que l\u2019outil (qui peut \u00eatre un laser, un fil d&rsquo;\u00e9lectro-\u00e9rosion, un jet d&rsquo;eau, une lumi\u00e8re polym\u00e9risante ou des outils de coupe plus classiques comme des fraises et des forets) est d\u00e9plac\u00e9 par ordinateur, l&rsquo;intervention humaine se limitant \u00e0 donner la mati\u00e8re et les outils \u00e0 la machine.<\/p>\n<p>\u00a0 \u00a0 \u00a0 Si ces machines permettent \u00e0 l&rsquo;industrie (y compris horlog\u00e8re) de produire plus et de meilleure qualit\u00e9 et si elles permettent \u00e0 des amateurs de s&rsquo;essayer \u00e0 la fabrication de m\u00e9canismes de leur invention, elles sont aussi pour moi une menace s\u00e9rieuse et \u00e9vidente au savoir-faire manuel.<\/p>\n<p>\u00a0 \u00a0 \u00a0 La fabrication traditionnelle consiste \u00e0 fabriquer et assembler les pi\u00e8ces en sciant, limant, per\u00e7ant, anglant, forgeant, rivant, \u00e9biselant, tournant, taillant, emboutissant, trempant, martelant&#8230; en faisant chanter la mati\u00e8re sous les coups de l&rsquo;outil toujours guid\u00e9 par une main sentant et ressentant son effet sur la celle-ci.<\/p>\n<p>\u00a0 \u00a0 \u00a0 Deux cons\u00e9quences importantes d\u00e9coulent de ce renversement de moyen de production : la premi\u00e8re est la perte d&rsquo;un savoir-faire multi-s\u00e9culaire, l&rsquo;autre la d\u00e9vitalisation des cr\u00e9ations modernes.<\/p>\n<p>\u00a0 \u00a0 \u00a0 Si la perte du savoir-faire horloger est regrettable au vu des si\u00e8cles de t\u00e2tonnements n\u00e9cessaires \u00e0 leur d\u00e9couverte et \u00e0 leur transmission, la d\u00e9vitalisation est encore plus dramatique. J&rsquo;entends par d\u00e9vitalisation l&rsquo;aspect apathique et froid des fabrications par ordinateur, ne laissant aucun espace aux imperfections et harmonisations des pi\u00e8ces fabriqu\u00e9es \u00e0 la main. La qu\u00eate de perfection dans la fabrication moderne o\u00f9 l&rsquo;on ne regarde plus les montres qu&rsquo;\u00e0 la loupe (grossissant jusqu&rsquo;\u00e0 quarante fois) \u00e0 la recherche de d\u00e9fauts supplante une qu\u00eate d&rsquo;harmonie qui semble et semblait animer les artisans horlogers cr\u00e9ateurs. Sans faire l&rsquo;\u00e9loge du d\u00e9faut, je vois l&rsquo;imperfection comme un t\u00e9moignage que l&rsquo;horloger a inscrit \u00e0 sa cr\u00e9ation par un coup de lime vagabonde, un coup de marteau trop appuy\u00e9, une scie baladeuse&#8230; Autant de signes qui, sans d\u00e9naturer le garde-temps, lui donnent une \u00e2me et une personnalit\u00e9, une unicit\u00e9 et un t\u00e9moignage de sa fabrication artisanale.<\/p>\n<p>\u00a0 \u00a0 \u00a0 C&rsquo;est cette mentalit\u00e9 qui me guide dans mes cr\u00e9ations, celle d&rsquo;un travail manuel, o\u00f9 le \u00ab\u00a0Manibus Factum\u00a0\u00bb (fait main) retrouve son sens originel et litt\u00e9ral, o\u00f9 chaque pi\u00e8ce est fabriqu\u00e9e par \u00e9tapes, en fonction des autres et pas uniquement sur plan, o\u00f9 j&rsquo;aime \u00e0 croire que le temps pass\u00e9 \u00e0 la fabrication laisse une trace immat\u00e9rielle \u00e0 la cr\u00e9ation enti\u00e8re. Si le ma\u00eetre horloger julevernien Zacharius voit ses \u0153uvres s&rsquo;arr\u00eater sans explication au fur et \u00e0 mesure que son c\u0153ur ralentit, c&rsquo;est parce qu&rsquo;il a su, par un travail passionn\u00e9, y mettre un peu de lui. Noble philosophie qui m&rsquo;inspire et vers laquelle je tente de me diriger.<\/p>\n<p>&nbsp;<\/p>\n<p style=\"text-align: center;\"><span style=\"color: #5c1e09;\"><em>\u00ab\u00a0La passion de l&rsquo;homme moderne pour les machines n&rsquo;est nullement l&rsquo;exag\u00e9ration d&rsquo;un sentiment naturel, mais la marque d&rsquo;un terrible renoncement \u00e0 soi-m\u00eame, un acte de d\u00e9mission. L&rsquo;homme des machines ne se lib\u00e9rera des machines que s&rsquo;il se lib\u00e8re de lui-m\u00eame, parce que le monde artificiel qu&rsquo;elles lui ont permis de cr\u00e9er s&rsquo;accorde \u00e0 ses angoisses, n&rsquo;en est que la projection sur les choses\u00a0\u00bb<\/em><\/span><br \/>Georges Bernanos<\/p>\n<p>&nbsp;<\/p>\n<p>[\/et_pb_text][\/et_pb_column][\/et_pb_row][et_pb_row column_structure=\u00a0\u00bb1_4,1_4,1_4,1_4&Prime; _builder_version=\u00a0\u00bb4.27.6&Prime; _module_preset=\u00a0\u00bbdefault\u00a0\u00bb custom_padding=\u00a0\u00bb0px|||||\u00a0\u00bb global_colors_info=\u00a0\u00bb{}\u00a0\u00bb][et_pb_column type=\u00a0\u00bb1_4&Prime; _builder_version=\u00a0\u00bb4.27.6&Prime; _module_preset=\u00a0\u00bbdefault\u00a0\u00bb global_colors_info=\u00a0\u00bb{}\u00a0\u00bb][et_pb_image src=\u00a0\u00bbhttps:\/\/brivet-naudot.com\/wp-content\/uploads\/2017\/11\/zach03rond.png\u00a0\u00bb alt=\u00a0\u00bbphilosophie_horloger_3&Prime; title_text=\u00a0\u00bbphilosophie horlogerie\u00a0\u00bb align=\u00a0\u00bbcenter\u00a0\u00bb _builder_version=\u00a0\u00bb4.27.6&Prime; _module_preset=\u00a0\u00bbdefault\u00a0\u00bb max_width_tablet=\u00a0\u00bb90%\u00a0\u00bb max_width_phone=\u00a0\u00bb80%\u00a0\u00bb max_width_last_edited=\u00a0\u00bbon|phone\u00a0\u00bb border_radii=\u00a0\u00bbon|120px|120px|120px|120px\u00a0\u00bb border_width_all=\u00a0\u00bb2px\u00a0\u00bb border_color_all=\u00a0\u00bb#5c1e09&Prime; border_radii_tablet=\u00a0\u00bbon|145px|145px|145px|145px\u00a0\u00bb border_radii_phone=\u00a0\u00bbon|145px|145px|145px|145px\u00a0\u00bb border_radii_last_edited=\u00a0\u00bbon|tablet\u00a0\u00bb global_colors_info=\u00a0\u00bb{}\u00a0\u00bb][\/et_pb_image][\/et_pb_column][et_pb_column type=\u00a0\u00bb1_4&Prime; _builder_version=\u00a0\u00bb4.27.6&Prime; _module_preset=\u00a0\u00bbdefault\u00a0\u00bb global_colors_info=\u00a0\u00bb{}\u00a0\u00bb][et_pb_image src=\u00a0\u00bbhttps:\/\/brivet-naudot.com\/wp-content\/uploads\/2017\/11\/mercator_with_globe.png\u00a0\u00bb alt=\u00a0\u00bbphilosophie_horloger_1&Prime; title_text=\u00a0\u00bbphilosophie horlogerie\u00a0\u00bb align=\u00a0\u00bbcenter\u00a0\u00bb _builder_version=\u00a0\u00bb4.27.6&Prime; _module_preset=\u00a0\u00bbdefault\u00a0\u00bb width_tablet=\u00a0\u00bb\u00a0\u00bb width_phone=\u00a0\u00bb\u00a0\u00bb width_last_edited=\u00a0\u00bbon|phone\u00a0\u00bb border_radii=\u00a0\u00bbon|120px|120px|120px|120px\u00a0\u00bb border_width_all=\u00a0\u00bb2px\u00a0\u00bb border_color_all=\u00a0\u00bb#5c1e09&Prime; border_radii_tablet=\u00a0\u00bbon|145px|145px|145px|145px\u00a0\u00bb border_radii_phone=\u00a0\u00bbon|145px|145px|145px|145px\u00a0\u00bb border_radii_last_edited=\u00a0\u00bbon|tablet\u00a0\u00bb global_colors_info=\u00a0\u00bb{}\u00a0\u00bb][\/et_pb_image][\/et_pb_column][et_pb_column type=\u00a0\u00bb1_4&Prime; _builder_version=\u00a0\u00bb4.27.6&Prime; _module_preset=\u00a0\u00bbdefault\u00a0\u00bb global_colors_info=\u00a0\u00bb{}\u00a0\u00bb][et_pb_image src=\u00a0\u00bbhttps:\/\/brivet-naudot.com\/wp-content\/uploads\/2017\/11\/horlogia-ferrea.png\u00a0\u00bb alt=\u00a0\u00bbphilosophie_horloger_2&Prime; title_text=\u00a0\u00bbphilosophie horlogerie\u00a0\u00bb align=\u00a0\u00bbcenter\u00a0\u00bb _builder_version=\u00a0\u00bb4.27.6&Prime; _module_preset=\u00a0\u00bbdefault\u00a0\u00bb max_width_tablet=\u00a0\u00bb90%\u00a0\u00bb max_width_phone=\u00a0\u00bb85%\u00a0\u00bb max_width_last_edited=\u00a0\u00bbon|phone\u00a0\u00bb border_radii=\u00a0\u00bbon|120px|120px|120px|120px\u00a0\u00bb border_width_all=\u00a0\u00bb2px\u00a0\u00bb border_color_all=\u00a0\u00bb#5c1e09&Prime; border_radii_tablet=\u00a0\u00bbon|145px|145px|145px|145px\u00a0\u00bb border_radii_phone=\u00a0\u00bbon|145px|145px|145px|145px\u00a0\u00bb border_radii_last_edited=\u00a0\u00bbon|tablet\u00a0\u00bb global_colors_info=\u00a0\u00bb{}\u00a0\u00bb][\/et_pb_image][\/et_pb_column][et_pb_column type=\u00a0\u00bb1_4&Prime; _builder_version=\u00a0\u00bb4.27.6&Prime; _module_preset=\u00a0\u00bbdefault\u00a0\u00bb global_colors_info=\u00a0\u00bb{}\u00a0\u00bb][et_pb_image src=\u00a0\u00bbhttps:\/\/brivet-naudot.com\/wp-content\/uploads\/2017\/11\/Daniels.png\u00a0\u00bb alt=\u00a0\u00bbphilosophie_horloger_4&Prime; title_text=\u00a0\u00bbDaniels horloger\u00a0\u00bb align=\u00a0\u00bbcenter\u00a0\u00bb _builder_version=\u00a0\u00bb4.27.6&Prime; _module_preset=\u00a0\u00bbdefault\u00a0\u00bb max_width_tablet=\u00a0\u00bb90%\u00a0\u00bb max_width_phone=\u00a0\u00bb85%\u00a0\u00bb max_width_last_edited=\u00a0\u00bbon|phone\u00a0\u00bb border_radii=\u00a0\u00bbon|120px|120px|120px|120px\u00a0\u00bb border_width_all=\u00a0\u00bb2px\u00a0\u00bb border_color_all=\u00a0\u00bb#5c1e09&Prime; border_radii_tablet=\u00a0\u00bbon|145px|145px|145px|145px\u00a0\u00bb border_radii_phone=\u00a0\u00bbon|145px|145px|145px|145px\u00a0\u00bb border_radii_last_edited=\u00a0\u00bbon|tablet\u00a0\u00bb global_colors_info=\u00a0\u00bb{}\u00a0\u00bb][\/et_pb_image][\/et_pb_column][\/et_pb_row][\/et_pb_section]<\/p>\n","protected":false},"excerpt":{"rendered":"<p>\u00a0 \u00a0 \u00a0 Nous sommes \u00e0 une \u00e9poque o\u00f9 les machines \u00e0 commandes num\u00e9riques se multiplient et se d\u00e9mocratisent au point de supplanter les machines dites conventionnelles. Ces machines se d\u00e9finissent par le fait que l\u2019outil (qui peut \u00eatre un laser, un fil d&rsquo;\u00e9lectro-\u00e9rosion, un jet d&rsquo;eau, une lumi\u00e8re polym\u00e9risante ou des outils de coupe [&hellip;]<\/p>\n","protected":false},"author":1,"featured_media":0,"parent":0,"menu_order":0,"comment_status":"closed","ping_status":"closed","template":"","meta":{"_et_pb_use_builder":"on","_et_pb_old_content":"Nous sommes \u00e0 une \u00e9poque o\u00f9 les machines \u00e0 commandes num\u00e9riques se multiplient et se d\u00e9mocratisent au point de supplanter les machines dites conventionnelles. Ces machines se d\u00e9finissent par le fait que l\u2019outil (qui peut \u00eatre un laser, un fil d'\u00e9lectro-\u00e9rosion, un jet d'eau, une lumi\u00e8re polym\u00e9risante ou des outils de coupe plus classiques comme des fraises et des forets) est d\u00e9plac\u00e9 par ordinateur, l'intervention humaine se limitant \u00e0 donner la mati\u00e8re et les outils \u00e0 la machine.\r\n\r\nSi ces machines permettent \u00e0 l'industrie (y compris horlog\u00e8re) de produire plus et de meilleure qualit\u00e9 et si elles permettent \u00e0 des amateurs de s'essayer \u00e0 la fabrication de m\u00e9canismes de leur invention, elles sont aussi pour moi une menace s\u00e9rieuse et \u00e9vidente au savoir-faire manuel.\r\n\r\nLa fabrication traditionnelle consiste \u00e0 fabriquer et assembler les pi\u00e8ces en sciant, limant, per\u00e7ant, anglant, forgeant, rivant, \u00e9biselant, tournant, taillant, emboutissant, trempant, martelant... en faisant chanter la mati\u00e8re sous les coups de l'outil toujours guid\u00e9 par une main sentant et ressentant son effet sur la celle-ci.\r\n\r\nDeux cons\u00e9quences importantes d\u00e9coulent de ce renversement de moyen de production : la premi\u00e8re est la perte d'un savoir-faire multi-s\u00e9culaire, l'autre la d\u00e9vitalisation des cr\u00e9ations modernes.\r\n\r\nSi la perte du savoir-faire horloger est regrettable au vu des si\u00e8cles de t\u00e2tonnements n\u00e9cessaires \u00e0 leur d\u00e9couverte et \u00e0 leur transmission, la d\u00e9vitalisation est encore plus dramatique. J'entends par d\u00e9vitalisation l'aspect apathique et froid des fabrications par ordinateur, ne laissant aucun espace aux imperfections et harmonisations des pi\u00e8ces fabriqu\u00e9es \u00e0 la main. La qu\u00eate de perfection dans la fabrication moderne o\u00f9 l'on ne regarde plus les montres qu'\u00e0 la loupe (grossissant jusqu'\u00e0 quarante fois) \u00e0 la recherche de d\u00e9fauts supplante une qu\u00eate d'harmonie qui semble et semblait animer les artisans horlogers cr\u00e9ateurs. Sans faire l'\u00e9loge du d\u00e9faut, je vois l'imperfection comme un t\u00e9moignage que l'horloger a inscrit \u00e0 sa cr\u00e9ation par un coup de lime vagabonde, un coup de marteau trop appuy\u00e9, une scie baladeuse... Autant de signes qui, sans d\u00e9naturer le garde-temps, lui donnent une \u00e2me et une personnalit\u00e9, une unicit\u00e9 et un t\u00e9moignage de sa fabrication artisanale.\r\n\r\nC'est cette mentalit\u00e9 qui me guide dans mes cr\u00e9ations, celle d'un travail manuel, o\u00f9 le \"Manibus Factum\" (fait main) retrouve son sens originel et litt\u00e9ral, o\u00f9 chaque pi\u00e8ce est fabriqu\u00e9e par \u00e9tapes, en fonction des autres et pas uniquement sur plan, o\u00f9 j'aime \u00e0 croire que le temps pass\u00e9 \u00e0 la fabrication laisse une trace immat\u00e9rielle \u00e0 la cr\u00e9ation enti\u00e8re. Si le ma\u00eetre horloger julevernien Zacharius voit ses \u0153uvres s'arr\u00eater sans explication au fur et \u00e0 mesure que son c\u0153ur ralentit, c'est parce qu'il a su, par un travail passionn\u00e9, y mettre un peu de lui. Noble philosophie qui m'inspire et vers laquelle je tente de me diriger.\r\n\r\n&nbsp;\r\n<p style=\"text-align: center;\"><span style=\"color: #5c1e09;\"><em>\"La passion de l'homme moderne pour les machines n'est nullement l'exag\u00e9ration d'un sentiment naturel, mais la marque d'un terrible renoncement \u00e0 soi-m\u00eame, un acte de d\u00e9mission. L'homme des machines ne se lib\u00e9rera des machines que s'il se lib\u00e8re de lui-m\u00eame, parce que le monde artificiel qu'elles lui ont permis de cr\u00e9er s'accorde \u00e0 ses angoisses, n'en est que la projection sur les choses\"<\/em><\/span>\r\nGeorges Bernanos<\/p>\r\n<img class=\"alignnone size-medium wp-image-580\" src=\"http:\/\/brivet-naudot.com\/wp-content\/uploads\/2017\/11\/horlogia-ferrea-300x300.png\" alt=\"\" width=\"300\" height=\"300\"><img class=\"alignnone size-medium wp-image-552\" src=\"http:\/\/brivet-naudot.com\/wp-content\/uploads\/2017\/11\/zach03rond-300x292.png\" alt=\"\" width=\"300\" height=\"292\"><img class=\"alignnone size-medium wp-image-588\" src=\"http:\/\/brivet-naudot.com\/wp-content\/uploads\/2017\/11\/Daniels-300x297.png\" alt=\"\" width=\"300\" height=\"297\">&nbsp; <img class=\"alignnone wp-image-602 size-full\" src=\"http:\/\/brivet-naudot.com\/wp-content\/uploads\/2017\/11\/mercator_with_globe.png\" alt=\"\" width=\"256\" height=\"256\">","_et_gb_content_width":"","ngg_post_thumbnail":0,"footnotes":""},"class_list":["post-133","page","type-page","status-publish","hentry"],"jetpack_shortlink":"https:\/\/wp.me\/P9eyn4-29","jetpack-related-posts":[],"jetpack_sharing_enabled":true,"_links":{"self":[{"href":"https:\/\/brivet-naudot.com\/index.php\/wp-json\/wp\/v2\/pages\/133","targetHints":{"allow":["GET"]}}],"collection":[{"href":"https:\/\/brivet-naudot.com\/index.php\/wp-json\/wp\/v2\/pages"}],"about":[{"href":"https:\/\/brivet-naudot.com\/index.php\/wp-json\/wp\/v2\/types\/page"}],"author":[{"embeddable":true,"href":"https:\/\/brivet-naudot.com\/index.php\/wp-json\/wp\/v2\/users\/1"}],"replies":[{"embeddable":true,"href":"https:\/\/brivet-naudot.com\/index.php\/wp-json\/wp\/v2\/comments?post=133"}],"version-history":[{"count":34,"href":"https:\/\/brivet-naudot.com\/index.php\/wp-json\/wp\/v2\/pages\/133\/revisions"}],"predecessor-version":[{"id":1905,"href":"https:\/\/brivet-naudot.com\/index.php\/wp-json\/wp\/v2\/pages\/133\/revisions\/1905"}],"wp:attachment":[{"href":"https:\/\/brivet-naudot.com\/index.php\/wp-json\/wp\/v2\/media?parent=133"}],"curies":[{"name":"wp","href":"https:\/\/api.w.org\/{rel}","templated":true}]}}