{"id":134,"date":"2017-09-30T17:48:08","date_gmt":"2017-09-30T15:48:08","guid":{"rendered":"http:\/\/brivet-naudot.com\/?page_id=134"},"modified":"2026-03-17T22:53:35","modified_gmt":"2026-03-17T21:53:35","slug":"lhorloger","status":"publish","type":"page","link":"https:\/\/brivet-naudot.com\/index.php\/lhorloger\/","title":{"rendered":"L&rsquo;horloger"},"content":{"rendered":"<p>[et_pb_section fb_built=\u00a0\u00bb1&Prime; admin_label=\u00a0\u00bbsection\u00a0\u00bb _builder_version=\u00a0\u00bb4.27.6&Prime; background_color=\u00a0\u00bb#a89789&Prime; global_colors_info=\u00a0\u00bb{}\u00a0\u00bb][et_pb_row admin_label=\u00a0\u00bbrow\u00a0\u00bb _builder_version=\u00a0\u00bb4.27.6&Prime; background_size=\u00a0\u00bbinitial\u00a0\u00bb background_position=\u00a0\u00bbtop_left\u00a0\u00bb background_repeat=\u00a0\u00bbrepeat\u00a0\u00bb min_height=\u00a0\u00bb522.5px\u00a0\u00bb custom_margin=\u00a0\u00bb-40px|auto|-50px|auto|false|false\u00a0\u00bb hover_enabled=\u00a0\u00bb0&Prime; global_colors_info=\u00a0\u00bb{}\u00a0\u00bb sticky_enabled=\u00a0\u00bb0&Prime;][et_pb_column type=\u00a0\u00bb4_4&Prime; _builder_version=\u00a0\u00bb4.16&Prime; custom_padding=\u00a0\u00bb|||\u00a0\u00bb global_colors_info=\u00a0\u00bb{}\u00a0\u00bb custom_padding__hover=\u00a0\u00bb|||\u00a0\u00bb][et_pb_text admin_label=\u00a0\u00bbText\u00a0\u00bb _builder_version=\u00a0\u00bb4.27.6&Prime; text_font=\u00a0\u00bbFrank Ruhl Libre|300|||||||\u00a0\u00bb text_text_color=\u00a0\u00bb#000000&Prime; text_font_size=\u00a0\u00bb17px\u00a0\u00bb background_size=\u00a0\u00bbinitial\u00a0\u00bb background_position=\u00a0\u00bbtop_left\u00a0\u00bb background_repeat=\u00a0\u00bbrepeat\u00a0\u00bb background_layout=\u00a0\u00bbdark\u00a0\u00bb custom_margin=\u00a0\u00bb4px||14px|||\u00a0\u00bb custom_padding=\u00a0\u00bb7px||29px|||\u00a0\u00bb global_colors_info=\u00a0\u00bb{}\u00a0\u00bb min_height=\u00a0\u00bb456.5px\u00a0\u00bb]<\/p>\n<p>\u00a0 \u00a0 \u00a0 Petit-fils et arri\u00e8re petit-fils d&rsquo;horlogers, je fus passionn\u00e9 tr\u00e8s t\u00f4t, de fa\u00e7on quasi g\u00e9n\u00e9tique, par ce que l&rsquo;on appelait jusqu&rsquo;\u00e0 peu l&rsquo;art de l&rsquo;horlogerie.<\/p>\n<p>\u00a0 \u00a0 \u00a0 De ses multiples facettes, toutes me fascinent et me questionnent. Je savoure autant les chefs d\u2019\u0153uvre artistiques de l&rsquo;\u00e9poque Boulle que le m\u00e9moire d\u2019\u00c9douard Phillips sur le trac\u00e9 des courbes terminales, j&rsquo;admire \u00e9galement la vie d&rsquo;un Julien Couldray au d\u00e9but du XVI<span style=\"font-size: x-small;\"><sup>\u00e8me<\/sup><\/span> si\u00e8cle que celle de George Daniels, je reste pantois devant l&rsquo;\u00e9difice chronom\u00e9trique que nous a l\u00e9gu\u00e9 Pierre Le Roy comme devant une horloge \u00e0 automates de la Renaissance.<\/p>\n<p>\u00a0 \u00a0 \u00a0 Je me plais \u00e0 voir la mati\u00e8re brute se transformer peu \u00e0 peu pour laisser appara\u00eetre un levier, une roue, un axe&#8230; sous le coup de la scie, de la lime, du burin ou autre outil mani\u00e9 par une main qui se veut toujours plus pr\u00e9cise et exp\u00e9riment\u00e9e.<\/p>\n<p>\u00a0 \u00a0 \u00a0 J&rsquo;aime la po\u00e9sie du mouvement, des sonneries et de ce qu&rsquo;elles peuvent annoncer, du vocabulaire horloger dont la gamme va du coq au chaperon, de la lev\u00e9e au marteau, du secret \u00e0 la surprise, de la roue folle \u00e0 l&rsquo;excentrique, de la chauss\u00e9e \u00e0 l&rsquo;arr\u00eatage&#8230;<\/p>\n<p>\u00a0 \u00a0 \u00a0 Par la <span style=\"color: #5c1e09;\"><a style=\"color: #5c1e09;\" href=\"http:\/\/brivet-naudot.com\/index.php\/restauration\/\">restauration<\/a><\/span> de garde-temps anciens, je laisse les ma\u00eetres du pass\u00e9 me former, me transmettre leurs id\u00e9es pleines de g\u00e9nie et me faire admirer leur savoir-faire \u00e9poustouflant ! J&rsquo;y puise aussi une sorte d&rsquo;humilit\u00e9, consid\u00e9rant que tout ce qui a \u00e9t\u00e9 fait l&rsquo;a \u00e9t\u00e9 sans notre technologie, nos mat\u00e9riaux, notre \u00e9lectricit\u00e9&#8230;<\/p>\n<p>\u00a0 \u00a0 \u00a0 La <span style=\"color: #5c1e09;\"><a style=\"color: #5c1e09;\" href=\"http:\/\/brivet-naudot.com\/index.php\/les-montres\/\">cr\u00e9ation<\/a><\/span> m&rsquo;apporte quant \u00e0 elle l&rsquo;\u00e9panouissante possibilit\u00e9 de m&rsquo;exprimer \u00e0 travers mes montres, de chercher l&rsquo;harmonie, d&rsquo;avoir une page blanche \u00e0 remplir. Le processus cr\u00e9atif est un processus de remise en question permanent, \u00e0 l&rsquo;image de la vie, o\u00f9 le temps est constamment en mouvement&#8230;<\/p>\n<p>[\/et_pb_text][\/et_pb_column][\/et_pb_row][et_pb_row column_structure=\u00a0\u00bb1_4,1_4,1_4,1_4&Prime; _builder_version=\u00a0\u00bb4.27.6&Prime; _module_preset=\u00a0\u00bbdefault\u00a0\u00bb min_height=\u00a0\u00bb218.4px\u00a0\u00bb global_colors_info=\u00a0\u00bb{}\u00a0\u00bb][et_pb_column type=\u00a0\u00bb1_4&Prime; _builder_version=\u00a0\u00bb4.27.6&Prime; _module_preset=\u00a0\u00bbdefault\u00a0\u00bb global_colors_info=\u00a0\u00bb{}\u00a0\u00bb][et_pb_image src=\u00a0\u00bbhttps:\/\/brivet-naudot.com\/wp-content\/uploads\/2018\/06\/IMG_9642.resized.png\u00a0\u00bb alt=\u00a0\u00bbartisan_horloger_4&Prime; title_text=\u00a0\u00bbCyril Brivet-Naudot\u00a0\u00bb align=\u00a0\u00bbcenter\u00a0\u00bb _builder_version=\u00a0\u00bb4.27.6&Prime; _module_preset=\u00a0\u00bbdefault\u00a0\u00bb max_width_tablet=\u00a0\u00bb\u00a0\u00bb max_width_phone=\u00a0\u00bb85%\u00a0\u00bb max_width_last_edited=\u00a0\u00bbon|phone\u00a0\u00bb module_alignment=\u00a0\u00bbcenter\u00a0\u00bb border_radii=\u00a0\u00bbon|120px|120px|120px|120px\u00a0\u00bb border_width_all=\u00a0\u00bb2px\u00a0\u00bb border_color_all=\u00a0\u00bb#5c1e09&Prime; border_radii_tablet=\u00a0\u00bbon|145px|145px|145px|145px\u00a0\u00bb border_radii_phone=\u00a0\u00bbon|140px|140px|140px|140px\u00a0\u00bb border_radii_last_edited=\u00a0\u00bbon|phone\u00a0\u00bb global_colors_info=\u00a0\u00bb{}\u00a0\u00bb][\/et_pb_image][\/et_pb_column][et_pb_column type=\u00a0\u00bb1_4&Prime; _builder_version=\u00a0\u00bb4.27.6&Prime; _module_preset=\u00a0\u00bbdefault\u00a0\u00bb global_colors_info=\u00a0\u00bb{}\u00a0\u00bb][et_pb_image src=\u00a0\u00bbhttps:\/\/brivet-naudot.com\/wp-content\/uploads\/2018\/06\/IMG_9624.resized.png\u00a0\u00bb alt=\u00a0\u00bbartisan_horloger_1&Prime; title_text=\u00a0\u00bbCyril Brivet-Naudot\u00a0\u00bb align=\u00a0\u00bbcenter\u00a0\u00bb _builder_version=\u00a0\u00bb4.27.6&Prime; _module_preset=\u00a0\u00bbdefault\u00a0\u00bb max_width_tablet=\u00a0\u00bb\u00a0\u00bb max_width_phone=\u00a0\u00bb85%\u00a0\u00bb max_width_last_edited=\u00a0\u00bbon|phone\u00a0\u00bb module_alignment=\u00a0\u00bbcenter\u00a0\u00bb border_radii=\u00a0\u00bbon|120px|120px|120px|120px\u00a0\u00bb border_width_all=\u00a0\u00bb2px\u00a0\u00bb border_color_all=\u00a0\u00bb#5c1e09&Prime; border_radii_tablet=\u00a0\u00bbon|145px|145px|145px|145px\u00a0\u00bb border_radii_phone=\u00a0\u00bbon|140px|140px|140px|140px\u00a0\u00bb border_radii_last_edited=\u00a0\u00bbon|phone\u00a0\u00bb global_colors_info=\u00a0\u00bb{}\u00a0\u00bb][\/et_pb_image][\/et_pb_column][et_pb_column type=\u00a0\u00bb1_4&Prime; _builder_version=\u00a0\u00bb4.27.6&Prime; _module_preset=\u00a0\u00bbdefault\u00a0\u00bb global_colors_info=\u00a0\u00bb{}\u00a0\u00bb][et_pb_image src=\u00a0\u00bbhttps:\/\/brivet-naudot.com\/wp-content\/uploads\/2018\/06\/DSC09355.resized.png\u00a0\u00bb alt=\u00a0\u00bbartisan_horloger_3&Prime; title_text=\u00a0\u00bbCyril Brivet-Naudot\u00a0\u00bb align=\u00a0\u00bbcenter\u00a0\u00bb admin_label=\u00a0\u00bbImage\u00a0\u00bb _builder_version=\u00a0\u00bb4.27.6&Prime; _module_preset=\u00a0\u00bbdefault\u00a0\u00bb max_width_tablet=\u00a0\u00bb\u00a0\u00bb max_width_phone=\u00a0\u00bb85%\u00a0\u00bb max_width_last_edited=\u00a0\u00bbon|phone\u00a0\u00bb module_alignment=\u00a0\u00bbcenter\u00a0\u00bb border_radii=\u00a0\u00bbon|120px|120px|120px|120px\u00a0\u00bb border_width_all=\u00a0\u00bb2px\u00a0\u00bb border_color_all=\u00a0\u00bb#5c1e09&Prime; border_radii_tablet=\u00a0\u00bbon|145px|145px|145px|145px\u00a0\u00bb border_radii_phone=\u00a0\u00bbon|140px|140px|140px|140px\u00a0\u00bb border_radii_last_edited=\u00a0\u00bbon|phone\u00a0\u00bb global_colors_info=\u00a0\u00bb{}\u00a0\u00bb][\/et_pb_image][\/et_pb_column][et_pb_column type=\u00a0\u00bb1_4&Prime; _builder_version=\u00a0\u00bb4.27.6&Prime; _module_preset=\u00a0\u00bbdefault\u00a0\u00bb global_colors_info=\u00a0\u00bb{}\u00a0\u00bb][et_pb_image src=\u00a0\u00bbhttps:\/\/brivet-naudot.com\/wp-content\/uploads\/2018\/06\/IMG_9702.resized.png\u00a0\u00bb alt=\u00a0\u00bbartisan_horloger_2&Prime; title_text=\u00a0\u00bbCyril Brivet-Naudot\u00a0\u00bb align=\u00a0\u00bbcenter\u00a0\u00bb _builder_version=\u00a0\u00bb4.27.6&Prime; _module_preset=\u00a0\u00bbdefault\u00a0\u00bb max_width_tablet=\u00a0\u00bb\u00a0\u00bb max_width_phone=\u00a0\u00bb85%\u00a0\u00bb max_width_last_edited=\u00a0\u00bbon|phone\u00a0\u00bb module_alignment=\u00a0\u00bbcenter\u00a0\u00bb border_radii=\u00a0\u00bbon|120px|120px|120px|120px\u00a0\u00bb border_width_all=\u00a0\u00bb2px\u00a0\u00bb border_color_all=\u00a0\u00bb#5c1e09&Prime; border_radii_tablet=\u00a0\u00bbon|145px|145px|145px|145px\u00a0\u00bb border_radii_phone=\u00a0\u00bbon|140px|140px|140px|140px\u00a0\u00bb border_radii_last_edited=\u00a0\u00bbon|phone\u00a0\u00bb global_colors_info=\u00a0\u00bb{}\u00a0\u00bb][\/et_pb_image][\/et_pb_column][\/et_pb_row][\/et_pb_section]<\/p>\n","protected":false},"excerpt":{"rendered":"<p>\u00a0 \u00a0 \u00a0 Petit-fils et arri\u00e8re petit-fils d&rsquo;horlogers, je fus passionn\u00e9 tr\u00e8s t\u00f4t, de fa\u00e7on quasi g\u00e9n\u00e9tique, par ce que l&rsquo;on appelait jusqu&rsquo;\u00e0 peu l&rsquo;art de l&rsquo;horlogerie. \u00a0 \u00a0 \u00a0 De ses multiples facettes, toutes me fascinent et me questionnent. Je savoure autant les chefs d\u2019\u0153uvre artistiques de l&rsquo;\u00e9poque Boulle que le m\u00e9moire d\u2019\u00c9douard Phillips [&hellip;]<\/p>\n","protected":false},"author":1,"featured_media":0,"parent":0,"menu_order":0,"comment_status":"closed","ping_status":"closed","template":"","meta":{"_et_pb_use_builder":"on","_et_pb_old_content":"Petit-fils et arri\u00e8re petit-fils d'horlogers, je fus passionn\u00e9 tr\u00e8s t\u00f4t, de fa\u00e7on quasi g\u00e9n\u00e9tique, par ce que l'on appelait jusqu'\u00e0 peu l'art de l'horlogerie.\r\n\r\nDe ses multiples facettes, toutes me fascinent et me questionnent. Je savoure autant les chefs d\u2019\u0153uvre artistiques de l'\u00e9poque Boulle que le m\u00e9moire d\u2019\u00c9douard Phillips sur le trac\u00e9 des courbes terminales, j'admire \u00e9galement la vie d'un Julien Couldray au d\u00e9but du XVI<sup>\u00e8me<\/sup> si\u00e8cle que celle de George Daniels, je reste pantois devant l'\u00e9difice chronom\u00e9trique que nous a l\u00e9gu\u00e9 Pierre Le Roy comme devant une horloge \u00e0 automates de la Renaissance.\r\n\r\nJe me plais \u00e0 voir la mati\u00e8re brute se transformer peu \u00e0 peu pour laisser appara\u00eetre un levier, une roue, un axe... sous le coup de la scie, de la lime, du burin ou autre outil mani\u00e9 par une main qui se veut toujours plus pr\u00e9cise et exp\u00e9riment\u00e9e.\r\n\r\nJ'aime la po\u00e9sie du mouvement, des sonneries et de ce qu'elles peuvent annoncer, du vocabulaire horloger dont la gamme va du coq au chaperon, de la lev\u00e9e au marteau, du secret \u00e0 la surprise, de la roue folle \u00e0 l'excentrique, de la chauss\u00e9e \u00e0 l'arr\u00eatage...\r\n\r\nPar la <span style=\"color: #5c1e09;\"><a style=\"color: #5c1e09;\" href=\"http:\/\/brivet-naudot.com\/index.php\/restauration\/\">restauration<\/a><\/span> de garde-temps anciens, je laisse les ma\u00eetres du pass\u00e9 me former, me transmettre leurs id\u00e9es pleines de g\u00e9nie et me faire admirer leur savoir-faire \u00e9poustouflant ! J'y puise aussi une sorte d'humilit\u00e9, consid\u00e9rant que tout ce qui a \u00e9t\u00e9 fait l'a \u00e9t\u00e9 sans notre technologie, nos mat\u00e9riaux, notre \u00e9lectricit\u00e9...\r\n\r\nLa <span style=\"color: #5c1e09;\"><a style=\"color: #5c1e09;\" href=\"http:\/\/brivet-naudot.com\/index.php\/les-montres\/\">cr\u00e9ation<\/a><\/span> m'apporte quant \u00e0 elle l'\u00e9panouissante possibilit\u00e9 de m'exprimer \u00e0 travers mes montres, de chercher l'harmonie, d'avoir une page blanche \u00e0 remplir. Le processus cr\u00e9atif est un processus de remise en question permanent, \u00e0 l'image de la vie, o\u00f9 le temps est constamment en mouvement...\r\n\r\n<a href=\"http:\/\/brivet-naudot.com\/dsc09224\/\"><img class=\"alignnone wp-image-581 size-medium\" src=\"http:\/\/brivet-naudot.com\/wp-content\/uploads\/2017\/11\/DSC09224-300x293.png\" alt=\"\" width=\"300\" height=\"293\"><\/a><a href=\"http:\/\/brivet-naudot.com\/img_9642-resized-4\/\"><img class=\"alignnone wp-image-820 size-medium\" src=\"http:\/\/brivet-naudot.com\/wp-content\/uploads\/2018\/06\/IMG_9642.resized-300x300.png\" alt=\"Cyril Brivet-Naudot, l'horloger, the watchmaker, horloger, watchmaker\" width=\"300\" height=\"300\"><\/a><a href=\"http:\/\/brivet-naudot.com\/dsc09355-resized-2\/\"><img class=\"alignnone wp-image-821 size-medium\" src=\"http:\/\/brivet-naudot.com\/wp-content\/uploads\/2018\/06\/DSC09355.resized-300x300.png\" alt=\"Cyril Brivet-Naudot, l'horloger, the watchmaker, horloger, watchmaker\" width=\"300\" height=\"300\"><\/a><a href=\"http:\/\/brivet-naudot.com\/img_9624-resized\/\"><img class=\"alignnone wp-image-823 size-medium\" src=\"http:\/\/brivet-naudot.com\/wp-content\/uploads\/2018\/06\/IMG_9624.resized-300x300.png\" alt=\"Cyril Brivet-Naudot, l'horloger, the watchmaker, horloger, watchmaker\" width=\"300\" height=\"300\"><\/a>\r\n\r\n&nbsp;","_et_gb_content_width":"","ngg_post_thumbnail":0,"footnotes":""},"class_list":["post-134","page","type-page","status-publish","hentry"],"jetpack_shortlink":"https:\/\/wp.me\/P9eyn4-2a","jetpack-related-posts":[],"jetpack_sharing_enabled":true,"_links":{"self":[{"href":"https:\/\/brivet-naudot.com\/index.php\/wp-json\/wp\/v2\/pages\/134","targetHints":{"allow":["GET"]}}],"collection":[{"href":"https:\/\/brivet-naudot.com\/index.php\/wp-json\/wp\/v2\/pages"}],"about":[{"href":"https:\/\/brivet-naudot.com\/index.php\/wp-json\/wp\/v2\/types\/page"}],"author":[{"embeddable":true,"href":"https:\/\/brivet-naudot.com\/index.php\/wp-json\/wp\/v2\/users\/1"}],"replies":[{"embeddable":true,"href":"https:\/\/brivet-naudot.com\/index.php\/wp-json\/wp\/v2\/comments?post=134"}],"version-history":[{"count":45,"href":"https:\/\/brivet-naudot.com\/index.php\/wp-json\/wp\/v2\/pages\/134\/revisions"}],"predecessor-version":[{"id":1910,"href":"https:\/\/brivet-naudot.com\/index.php\/wp-json\/wp\/v2\/pages\/134\/revisions\/1910"}],"wp:attachment":[{"href":"https:\/\/brivet-naudot.com\/index.php\/wp-json\/wp\/v2\/media?parent=134"}],"curies":[{"name":"wp","href":"https:\/\/api.w.org\/{rel}","templated":true}]}}