{"id":161,"date":"2017-09-30T22:59:13","date_gmt":"2017-09-30T20:59:13","guid":{"rendered":"http:\/\/brivet-naudot.com\/?page_id=161"},"modified":"2026-03-18T16:36:20","modified_gmt":"2026-03-18T15:36:20","slug":"home","status":"publish","type":"page","link":"https:\/\/brivet-naudot.com\/index.php\/en\/home\/","title":{"rendered":"Home"},"content":{"rendered":"<p>[et_pb_section fb_built=\u00a0\u00bb1&Prime; _builder_version=\u00a0\u00bb4.27.6&Prime; _module_preset=\u00a0\u00bbdefault\u00a0\u00bb background_color=\u00a0\u00bb#a89789&Prime; custom_padding=\u00a0\u00bb30px||15px|||\u00a0\u00bb bottom_divider_color=\u00a0\u00bb#5c1e09&Prime; bottom_divider_height=\u00a0\u00bb80px\u00a0\u00bb locked=\u00a0\u00bboff\u00a0\u00bb global_colors_info=\u00a0\u00bb{}\u00a0\u00bb][et_pb_row _builder_version=\u00a0\u00bb4.27.6&Prime; _module_preset=\u00a0\u00bbdefault\u00a0\u00bb global_colors_info=\u00a0\u00bb{}\u00a0\u00bb][et_pb_column type=\u00a0\u00bb4_4&Prime; _builder_version=\u00a0\u00bb4.27.6&Prime; _module_preset=\u00a0\u00bbdefault\u00a0\u00bb global_colors_info=\u00a0\u00bb{}\u00a0\u00bb][et_pb_image src=\u00a0\u00bbhttps:\/\/brivet-naudot.com\/wp-content\/uploads\/2017\/10\/DSC08933a.jpg\u00a0\u00bb alt=\u00a0\u00bbCyril Brivet-Naudot, atelier horloger.\u00a0\u00bb title_text=\u00a0\u00bbAssemblage des ponts\u00a0\u00bb _builder_version=\u00a0\u00bb4.27.6&Prime; _module_preset=\u00a0\u00bbdefault\u00a0\u00bb width=\u00a0\u00bb100%\u00a0\u00bb max_width=\u00a0\u00bb60%\u00a0\u00bb max_width_tablet=\u00a0\u00bb60%\u00a0\u00bb max_width_phone=\u00a0\u00bb85%\u00a0\u00bb max_width_last_edited=\u00a0\u00bbon|phone\u00a0\u00bb module_alignment=\u00a0\u00bbcenter\u00a0\u00bb border_radii=\u00a0\u00bbon|15px|15px|15px|15px\u00a0\u00bb border_width_all=\u00a0\u00bb4px\u00a0\u00bb border_color_all=\u00a0\u00bb#5c1e09&Prime; global_colors_info=\u00a0\u00bb{}\u00a0\u00bb][\/et_pb_image][et_pb_heading title=\u00a0\u00bbWelcome to the site of Cyril Brivet-Naudot watchmaker and restorer.\u00a0\u00bb _builder_version=\u00a0\u00bb4.27.6&Prime; _module_preset=\u00a0\u00bbdefault\u00a0\u00bb global_colors_info=\u00a0\u00bb{}\u00a0\u00bb][\/et_pb_heading][\/et_pb_column][\/et_pb_row][\/et_pb_section][et_pb_section fb_built=\u00a0\u00bb1&Prime; admin_label=\u00a0\u00bbsection\u00a0\u00bb _builder_version=\u00a0\u00bb4.27.6&Prime; background_color=\u00a0\u00bb#a89789&Prime; top_divider_color=\u00a0\u00bb#5c1e09&Prime; locked=\u00a0\u00bboff\u00a0\u00bb global_colors_info=\u00a0\u00bb{}\u00a0\u00bb][et_pb_row _builder_version=\u00a0\u00bb4.27.6&Prime; _module_preset=\u00a0\u00bbdefault\u00a0\u00bb global_colors_info=\u00a0\u00bb{}\u00a0\u00bb][et_pb_column type=\u00a0\u00bb4_4&Prime; _builder_version=\u00a0\u00bb4.27.6&Prime; _module_preset=\u00a0\u00bbdefault\u00a0\u00bb global_colors_info=\u00a0\u00bb{}\u00a0\u00bb][et_pb_heading title=\u00a0\u00bbMy watchmaking creations\u00a0\u00bb _builder_version=\u00a0\u00bb4.27.6&Prime; _module_preset=\u00a0\u00bbdefault\u00a0\u00bb title_level=\u00a0\u00bbh2&Prime; global_colors_info=\u00a0\u00bb{}\u00a0\u00bb][\/et_pb_heading][et_pb_heading title=\u00a0\u00bbHere is my new creation : the Eccentricity %22r\u00e9serve de marche%22&Prime; _builder_version=\u00a0\u00bb4.27.6&Prime; _module_preset=\u00a0\u00bbdefault\u00a0\u00bb title_level=\u00a0\u00bbh3&Prime; global_colors_info=\u00a0\u00bb{}\u00a0\u00bb][\/et_pb_heading][et_pb_image src=\u00a0\u00bbhttps:\/\/brivet-naudot.com\/wp-content\/uploads\/2021\/05\/CBN-Mushroom-Pwr-Front-V3-A4-W.resized.jpg\u00a0\u00bb alt=\u00a0\u00bbreserve_de_marche_3&Prime; title_text=\u00a0\u00bbEccentricity\u00a0\u00bb align=\u00a0\u00bbcenter\u00a0\u00bb _builder_version=\u00a0\u00bb4.27.6&Prime; _module_preset=\u00a0\u00bbdefault\u00a0\u00bb transform_scale=\u00a0\u00bb80%|80%\u00a0\u00bb custom_margin=\u00a0\u00bb||-19px|||\u00a0\u00bb border_radii=\u00a0\u00bbon|5px|5px|5px|5px\u00a0\u00bb border_width_all=\u00a0\u00bb2px\u00a0\u00bb border_color_all=\u00a0\u00bb#5c1e09&Prime; global_colors_info=\u00a0\u00bb{}\u00a0\u00bb][\/et_pb_image][\/et_pb_column][\/et_pb_row][et_pb_row _builder_version=\u00a0\u00bb4.27.6&Prime; _module_preset=\u00a0\u00bbdefault\u00a0\u00bb global_colors_info=\u00a0\u00bb{}\u00a0\u00bb][et_pb_column type=\u00a0\u00bb4_4&Prime; _builder_version=\u00a0\u00bb4.27.6&Prime; _module_preset=\u00a0\u00bbdefault\u00a0\u00bb global_colors_info=\u00a0\u00bb{}\u00a0\u00bb][et_pb_heading title=\u00a0\u00bbThe verticality monopush chronograph\u00a0\u00bb _builder_version=\u00a0\u00bb4.27.6&Prime; _module_preset=\u00a0\u00bbdefault\u00a0\u00bb title_level=\u00a0\u00bbh3&Prime; global_colors_info=\u00a0\u00bb{}\u00a0\u00bb][\/et_pb_heading][et_pb_gallery gallery_ids=\u00a0\u00bb1251,1250,1249,1248,1246,1244,1243&Prime; posts_number=\u00a0\u00bb7&Prime; show_title_and_caption=\u00a0\u00bboff\u00a0\u00bb show_pagination=\u00a0\u00bboff\u00a0\u00bb _builder_version=\u00a0\u00bb4.27.6&Prime; _module_preset=\u00a0\u00bbdefault\u00a0\u00bb min_height=\u00a0\u00bb294.5px\u00a0\u00bb hover_enabled=\u00a0\u00bb0&Prime; border_radii_image=\u00a0\u00bbon|10px|10px|10px|10px\u00a0\u00bb border_width_all_image=\u00a0\u00bb2px\u00a0\u00bb border_color_all_image=\u00a0\u00bb#5c1e09&Prime; global_colors_info=\u00a0\u00bb{}\u00a0\u00bb sticky_enabled=\u00a0\u00bb0&Prime;][\/et_pb_gallery][\/et_pb_column][\/et_pb_row][et_pb_row column_structure=\u00a0\u00bb3_5,2_5&Prime; _builder_version=\u00a0\u00bb4.27.6&Prime; _module_preset=\u00a0\u00bbdefault\u00a0\u00bb global_colors_info=\u00a0\u00bb{}\u00a0\u00bb][et_pb_column type=\u00a0\u00bb3_5&Prime; _builder_version=\u00a0\u00bb4.27.6&Prime; _module_preset=\u00a0\u00bbdefault\u00a0\u00bb global_colors_info=\u00a0\u00bb{}\u00a0\u00bb][et_pb_heading title=\u00a0\u00bbMy nominations\u00a0\u00bb _builder_version=\u00a0\u00bb4.27.6&Prime; _module_preset=\u00a0\u00bbdefault\u00a0\u00bb title_level=\u00a0\u00bbh3&Prime; custom_margin=\u00a0\u00bb50px|||||\u00a0\u00bb custom_margin_tablet=\u00a0\u00bb50px|||||\u00a0\u00bb custom_margin_phone=\u00a0\u00bb0px||||false|false\u00a0\u00bb custom_margin_last_edited=\u00a0\u00bbon|phone\u00a0\u00bb global_colors_info=\u00a0\u00bb{}\u00a0\u00bb][\/et_pb_heading][et_pb_image src=\u00a0\u00bbhttps:\/\/brivet-naudot.com\/wp-content\/uploads\/2020\/09\/Flyer-GPHG-fr.png\u00a0\u00bb alt=\u00a0\u00bbGPHG\u00a0\u00bb title_text=\u00a0\u00bbGPHG\u00a0\u00bb _builder_version=\u00a0\u00bb4.27.6&Prime; _module_preset=\u00a0\u00bbdefault\u00a0\u00bb custom_margin=\u00a0\u00bb60px||||false|false\u00a0\u00bb border_radii=\u00a0\u00bbon|5px|5px|5px|5px\u00a0\u00bb border_width_all=\u00a0\u00bb2px\u00a0\u00bb border_color_all=\u00a0\u00bb#5c1e09&Prime; global_colors_info=\u00a0\u00bb{}\u00a0\u00bb][\/et_pb_image][et_pb_image src=\u00a0\u00bbhttps:\/\/brivet-naudot.com\/wp-content\/uploads\/2020\/01\/VOVlight.png\u00a0\u00bb alt=\u00a0\u00bbVintage Italy\u00a0\u00bb title_text=\u00a0\u00bbVOV\u00a0\u00bb _builder_version=\u00a0\u00bb4.27.6&Prime; _module_preset=\u00a0\u00bbdefault\u00a0\u00bb transform_scale=\u00a0\u00bb90%|90%\u00a0\u00bb border_radii=\u00a0\u00bbon|5px|5px|5px|5px\u00a0\u00bb border_width_all=\u00a0\u00bb2px\u00a0\u00bb border_color_all=\u00a0\u00bb#5c1e09&Prime; global_colors_info=\u00a0\u00bb{}\u00a0\u00bb][\/et_pb_image][\/et_pb_column][et_pb_column type=\u00a0\u00bb2_5&Prime; _builder_version=\u00a0\u00bb4.27.6&Prime; _module_preset=\u00a0\u00bbdefault\u00a0\u00bb global_colors_info=\u00a0\u00bb{}\u00a0\u00bb][et_pb_text _builder_version=\u00a0\u00bb4.27.6&Prime; _module_preset=\u00a0\u00bbdefault\u00a0\u00bb text_font=\u00a0\u00bbFrank Ruhl Libre||||||||\u00a0\u00bb text_text_color=\u00a0\u00bb#5c1e09&Prime; text_font_size=\u00a0\u00bb20px\u00a0\u00bb custom_margin=\u00a0\u00bb140px||26px|||\u00a0\u00bb custom_margin_tablet=\u00a0\u00bb50px||10px||false|false\u00a0\u00bb custom_margin_phone=\u00a0\u00bb10px||10px||true|false\u00a0\u00bb custom_margin_last_edited=\u00a0\u00bbon|tablet\u00a0\u00bb global_colors_info=\u00a0\u00bb{}\u00a0\u00bb]<\/p>\n<p>I am very proud to annouce my admission as candidate to the ACHI.<\/p>\n<p>[\/et_pb_text][et_pb_image src=\u00a0\u00bbhttps:\/\/brivet-naudot.com\/wp-content\/uploads\/2018\/12\/AHCI-Brivet-Naudot.jpg\u00a0\u00bb alt=\u00a0\u00bbahci\u00a0\u00bb title_text=\u00a0\u00bbAHCI Brivet-Naudot\u00a0\u00bb _builder_version=\u00a0\u00bb4.27.6&Prime; _module_preset=\u00a0\u00bbdefault\u00a0\u00bb transform_scale=\u00a0\u00bb80%|80%\u00a0\u00bb border_radii=\u00a0\u00bbon|5px|5px|5px|5px\u00a0\u00bb border_width_all=\u00a0\u00bb2px\u00a0\u00bb border_color_all=\u00a0\u00bb#5c1e09&Prime; global_colors_info=\u00a0\u00bb{}\u00a0\u00bb][\/et_pb_image][\/et_pb_column][\/et_pb_row][\/et_pb_section]<\/p>\n","protected":false},"excerpt":{"rendered":"<p>I am very proud to annouce my admission as candidate to the ACHI.<\/p>\n","protected":false},"author":1,"featured_media":0,"parent":0,"menu_order":0,"comment_status":"closed","ping_status":"closed","template":"","meta":{"_et_pb_use_builder":"on","_et_pb_old_content":"<p style=\"text-align: center;\">Welcome to the site of <span style=\"color: #5c1e09;\">Cyril Brivet-Naudot<\/span>,<\/p>\n<p style=\"text-align: center;\">watchmaker and restorer.<\/p>\n\n<h4 style=\"text-align: center;\">Here my new creation : the Eccentricity \"R\u00e9serve de marche\"<\/h4>\n<img class=\"aligncenter wp-image-1325 size-full\" src=\"http:\/\/brivet-naudot.com\/wp-content\/uploads\/2021\/05\/CBN-Mushroom-Pwr-Front-V3-A4-B.resized.jpg\" alt=\"\" width=\"543\" height=\"768\">\n\n&nbsp;\n\n&nbsp;\n\n<a href=\"http:\/\/brivet-naudot.com\/wp-content\/uploads\/2020\/09\/Flyer-GPHG-en.png\"><img class=\"aligncenter wp-image-1283\" src=\"http:\/\/brivet-naudot.com\/wp-content\/uploads\/2020\/09\/Flyer-GPHG-en-300x225.png\" alt=\"\" width=\"600\" height=\"450\"><\/a>\n\n&nbsp;\n\n&nbsp;\n\n<img class=\"aligncenter wp-image-1278 size-large\" src=\"http:\/\/brivet-naudot.com\/wp-content\/uploads\/2020\/01\/VOVlight-552x1024.png\" alt=\"\" width=\"552\" height=\"1024\">\n\n&nbsp;\n\n&nbsp;\n<h5>Here my new creation : the Verticality monopush chronograph<\/h5>\n&nbsp;\n\n[justified_image_grid preset=1 thumbs_spacing=7 row_height=200 height_deviation=50 pp_social_buttons=FP photoswipe_theme=dark prettyphoto_theme=dark_square title_field=off caption_field=off caption=off mobile_caption=off overlay_opacity=0.15 lightbox=photoswipe lightbox_max_size=full loading_background=#5c1e09 orderby=rand filterby=post_format max_rows=6 last_row=center mouse_disable=yes load_more=scroll randomize_width=150 ng_gallery=14 ng_display_tags=no]\n\n&nbsp;\n<p style=\"text-align: center;\"><span style=\"font-size: 18pt;\"><span id=\"result_box\" class=\"\" lang=\"en\"><span class=\"\"><span class=\"tlid-translation translation\" style=\"font-size: 14pt;\"><span class=\"\" title=\"\">I am very proud to announce my admission as a candidate to the <a href=\"https:\/\/www.ahci.ch\/\">AHCI<\/a> (Acad\u00e9mie Horlog\u00e8re des Cr\u00e9ateurs Ind\u00e9pendants).<\/span> <\/span>\n<\/span><\/span><\/span><\/p>\n<img class=\"aligncenter wp-image-1180 size-large\" src=\"http:\/\/brivet-naudot.com\/wp-content\/uploads\/2018\/12\/AHCI-Brivet-Naudot-693x1024.jpg\" alt=\"\" width=\"693\" height=\"1024\">\n\n&nbsp;","_et_gb_content_width":"","ngg_post_thumbnail":0,"footnotes":""},"class_list":["post-161","page","type-page","status-publish","hentry"],"jetpack_shortlink":"https:\/\/wp.me\/P9eyn4-2B","jetpack-related-posts":[],"jetpack_sharing_enabled":true,"_links":{"self":[{"href":"https:\/\/brivet-naudot.com\/index.php\/wp-json\/wp\/v2\/pages\/161","targetHints":{"allow":["GET"]}}],"collection":[{"href":"https:\/\/brivet-naudot.com\/index.php\/wp-json\/wp\/v2\/pages"}],"about":[{"href":"https:\/\/brivet-naudot.com\/index.php\/wp-json\/wp\/v2\/types\/page"}],"author":[{"embeddable":true,"href":"https:\/\/brivet-naudot.com\/index.php\/wp-json\/wp\/v2\/users\/1"}],"replies":[{"embeddable":true,"href":"https:\/\/brivet-naudot.com\/index.php\/wp-json\/wp\/v2\/comments?post=161"}],"version-history":[{"count":34,"href":"https:\/\/brivet-naudot.com\/index.php\/wp-json\/wp\/v2\/pages\/161\/revisions"}],"predecessor-version":[{"id":1995,"href":"https:\/\/brivet-naudot.com\/index.php\/wp-json\/wp\/v2\/pages\/161\/revisions\/1995"}],"wp:attachment":[{"href":"https:\/\/brivet-naudot.com\/index.php\/wp-json\/wp\/v2\/media?parent=161"}],"curies":[{"name":"wp","href":"https:\/\/api.w.org\/{rel}","templated":true}]}}