{"id":1651,"date":"2026-03-13T15:45:15","date_gmt":"2026-03-13T14:45:15","guid":{"rendered":"https:\/\/brivet-naudot.com\/?page_id=1651"},"modified":"2026-03-18T17:50:30","modified_gmt":"2026-03-18T16:50:30","slug":"1651-2","status":"publish","type":"page","link":"https:\/\/brivet-naudot.com\/index.php\/1651-2\/","title":{"rendered":"Restauration"},"content":{"rendered":"<p>[et_pb_section fb_built=\u00a0\u00bb1&Prime; admin_label=\u00a0\u00bbsection\u00a0\u00bb _builder_version=\u00a0\u00bb4.27.6&Prime; background_color=\u00a0\u00bb#a89789&Prime; locked=\u00a0\u00bboff\u00a0\u00bb global_colors_info=\u00a0\u00bb{}\u00a0\u00bb][et_pb_row admin_label=\u00a0\u00bbrow\u00a0\u00bb _builder_version=\u00a0\u00bb4.27.6&Prime; background_size=\u00a0\u00bbinitial\u00a0\u00bb background_position=\u00a0\u00bbtop_left\u00a0\u00bb background_repeat=\u00a0\u00bbrepeat\u00a0\u00bb custom_margin=\u00a0\u00bb-40px||||false|false\u00a0\u00bb global_colors_info=\u00a0\u00bb{}\u00a0\u00bb][et_pb_column type=\u00a0\u00bb4_4&Prime; _builder_version=\u00a0\u00bb4.16&Prime; custom_padding=\u00a0\u00bb|||\u00a0\u00bb global_colors_info=\u00a0\u00bb{}\u00a0\u00bb custom_padding__hover=\u00a0\u00bb|||\u00a0\u00bb][et_pb_text admin_label=\u00a0\u00bbText\u00a0\u00bb _builder_version=\u00a0\u00bb4.27.6&Prime; text_font=\u00a0\u00bbFrank Ruhl Libre|300|||||||\u00a0\u00bb text_text_color=\u00a0\u00bb#000000&Prime; text_font_size=\u00a0\u00bb17px\u00a0\u00bb background_size=\u00a0\u00bbinitial\u00a0\u00bb background_position=\u00a0\u00bbtop_left\u00a0\u00bb background_repeat=\u00a0\u00bbrepeat\u00a0\u00bb background_layout=\u00a0\u00bbdark\u00a0\u00bb min_height=\u00a0\u00bb580.1px\u00a0\u00bb global_colors_info=\u00a0\u00bb{}\u00a0\u00bb]<\/p>\n<p>\u00a0 \u00a0 \u00a0 La restauration est pour moi la colonne vert\u00e9brale du m\u00e9tier d&rsquo;horloger. De m\u00eame qu&rsquo;un individu ou une soci\u00e9t\u00e9 s&rsquo;explique et se comprend par son pass\u00e9, l&rsquo;horlogerie ne peut se d\u00e9chiffrer qu&rsquo;au regard de son histoire et des chefs d\u2019\u0153uvre que le Temps lui-m\u00eame a conserv\u00e9s des ma\u00eetres du pass\u00e9.<\/p>\n<p>\u00a0 \u00a0 \u00a0 Chaque garde-temps ancien est le t\u00e9moin d&rsquo;une \u00e9poque o\u00f9 la technique, les moyens de fabrication, le march\u00e9, la science et la mentalit\u00e9 \u00e9taient diff\u00e9rents de ce qu&rsquo;ils sont aujourd&rsquo;hui. Dans le cadre d&rsquo;une restauration, l&rsquo;horloger se doit de replonger dans cette \u00e9poque pour reproduire le plus fid\u00e8lement possible les pi\u00e8ces endommag\u00e9es ou absentes. Il ne s&rsquo;agit pas seulement de faire fonctionner l&rsquo;objet (ce qui est le but de la r\u00e9paration), mais de lui redonner vie en tenant compte de ce qu&rsquo;il a \u00e9t\u00e9 \u00e0 l&rsquo;origine, de sa \u00ab\u00a0personnalit\u00e9\u00a0\u00bb.<\/p>\n<p>\u00a0 \u00a0 \u00a0 Plusieurs approches diff\u00e9rentes sont aujourd&rsquo;hui pratiqu\u00e9es dans le cadre d&rsquo;une restauration. Si celle choisie est le fruit d&rsquo;une r\u00e9flexion avec le client, mon approche consiste \u00e0 refaire fonctionner le garde-temps sans toutefois le remettre \u00e0 neuf pour lui rendre sa version originale. Souvent, de nombreux horlogers ont travaill\u00e9 sur ces objets et y ont laiss\u00e9 des traces (l&rsquo;horloger est souvent plus dommageable que le temps lui-m\u00eame&#8230;). Je consid\u00e8re que ces traces, si elles n\u2019injurient pas le mouvement ni ne nuisent \u00e0 son bon fonctionnement, peuvent \u00eatre laiss\u00e9es comme faisant d\u00e9sormais partie de la vie de la pi\u00e8ce, lui conf\u00e9rant m\u00eame quelque chose d&rsquo;unique et de personnel, comme les \u00e9preuves de la vie laissent souvent des traces sur les visages et les rendent \u00e0 mon sens plus beaux. Si une philosophie consiste \u00e0 refuser la vieillesse et les outrages du temps, la mienne consiste \u00e0 l&rsquo;accepter et se laisser modeler par le temps.<\/p>\n<p>\u00a0 \u00a0 \u00a0La restauration m&rsquo;ouvre \u00e0 des \u00e9tats d&rsquo;esprit, m&rsquo;am\u00e8ne \u00e0 rechercher des comp\u00e9tences aujourd&rsquo;hui d\u00e9laiss\u00e9es, et par l\u00e0 me conduit \u00e0 une certaine humilit\u00e9 face \u00e0 ce que nous ne savons plus faire aujourd&rsquo;hui. En effet, si la dur\u00e9e d&rsquo;apprentissage du m\u00e9tier n&rsquo;a presque pas \u00e9volu\u00e9 depuis le XVI<span style=\"font-size: x-small;\"><sup>\u00e8me<\/sup><\/span> si\u00e8cle (six ann\u00e9es), les comp\u00e9tences acquises sont tout autres aujourd&rsquo;hui, plus ax\u00e9es sur les besoins actuels du march\u00e9 de l&rsquo;horlogerie (assemblage de mouvements fabriqu\u00e9s par commandes num\u00e9riques, r\u00e9paration d&rsquo;horlogerie industrielle&#8230;). Il faut donc r\u00e9apprendre par soi-m\u00eame \u00e0 tailler des dents \u00e0 la lime, \u00e0 \u00e9crouir du laiton, \u00e0 confectionner des fus\u00e9es, etc.<\/p>\n<p>\u00a0 \u00a0 \u00a0 Chaque objet \u00e9tant passionnant et source d&rsquo;apprentissage par ce qu&rsquo;il a d&rsquo;unique, je restaure des pi\u00e8ces de toutes les \u00e9poques et dans tous les \u00e9tats, qu&rsquo;il s&rsquo;agisse de chronom\u00e8tres de marine, de montres oignons, de montres \u00e0 sonnerie ou \u00e0 automates, de cartels ou d&rsquo;instruments scientifiques anciens.<\/p>\n<p>[\/et_pb_text][\/et_pb_column][\/et_pb_row][et_pb_row column_structure=\u00a0\u00bb1_2,1_2&Prime; _builder_version=\u00a0\u00bb4.27.6&Prime; _module_preset=\u00a0\u00bbdefault\u00a0\u00bb custom_padding=\u00a0\u00bb0px|||||\u00a0\u00bb global_colors_info=\u00a0\u00bb{}\u00a0\u00bb][et_pb_column type=\u00a0\u00bb1_2&Prime; _builder_version=\u00a0\u00bb4.27.6&Prime; _module_preset=\u00a0\u00bbdefault\u00a0\u00bb global_colors_info=\u00a0\u00bb{}\u00a0\u00bb][et_pb_image src=\u00a0\u00bbhttps:\/\/brivet-naudot.com\/wp-content\/uploads\/2017\/11\/Capture-du-2017-11-16-23-55-01.png\u00a0\u00bb alt=\u00a0\u00bbrestauration_horlogerie\u00a0\u00bb title_text=\u00a0\u00bbrestauration montres\u00a0\u00bb _builder_version=\u00a0\u00bb4.27.6&Prime; _module_preset=\u00a0\u00bbdefault\u00a0\u00bb width=\u00a0\u00bb80%\u00a0\u00bb width_tablet=\u00a0\u00bb75%\u00a0\u00bb width_phone=\u00a0\u00bb75%\u00a0\u00bb width_last_edited=\u00a0\u00bbon|tablet\u00a0\u00bb module_alignment=\u00a0\u00bbcenter\u00a0\u00bb border_radii=\u00a0\u00bbon|205px|205px|205px|205px\u00a0\u00bb border_width_all=\u00a0\u00bb2px\u00a0\u00bb border_color_all=\u00a0\u00bb#5c1e09&Prime; border_radii_tablet=\u00a0\u00bbon|230px|230px|230px|230px\u00a0\u00bb border_radii_phone=\u00a0\u00bbon|230px|230px|230px|230px\u00a0\u00bb border_radii_last_edited=\u00a0\u00bbon|tablet\u00a0\u00bb global_colors_info=\u00a0\u00bb{}\u00a0\u00bb][\/et_pb_image][\/et_pb_column][et_pb_column type=\u00a0\u00bb1_2&Prime; _builder_version=\u00a0\u00bb4.27.6&Prime; _module_preset=\u00a0\u00bbdefault\u00a0\u00bb global_colors_info=\u00a0\u00bb{}\u00a0\u00bb][et_pb_image src=\u00a0\u00bbhttps:\/\/brivet-naudot.com\/wp-content\/uploads\/2017\/11\/DSC07077.png\u00a0\u00bb alt=\u00a0\u00bbrestauration_montres\u00a0\u00bb title_text=\u00a0\u00bbrestauration montres\u00a0\u00bb _builder_version=\u00a0\u00bb4.27.6&Prime; _module_preset=\u00a0\u00bbdefault\u00a0\u00bb width=\u00a0\u00bb80%\u00a0\u00bb width_tablet=\u00a0\u00bb75%\u00a0\u00bb width_phone=\u00a0\u00bb75%\u00a0\u00bb width_last_edited=\u00a0\u00bbon|tablet\u00a0\u00bb module_alignment=\u00a0\u00bbcenter\u00a0\u00bb border_radii=\u00a0\u00bbon|205px|205px|205px|205px\u00a0\u00bb border_width_all=\u00a0\u00bb2px\u00a0\u00bb border_color_all=\u00a0\u00bb#5c1e09&Prime; border_radii_tablet=\u00a0\u00bbon|230px|230px|230px|230px\u00a0\u00bb border_radii_phone=\u00a0\u00bbon|230px|230px|230px|230px\u00a0\u00bb border_radii_last_edited=\u00a0\u00bbon|tablet\u00a0\u00bb global_colors_info=\u00a0\u00bb{}\u00a0\u00bb][\/et_pb_image][\/et_pb_column][\/et_pb_row][\/et_pb_section]<\/p>\n","protected":false},"excerpt":{"rendered":"<p>\u00a0 \u00a0 \u00a0 La restauration est pour moi la colonne vert\u00e9brale du m\u00e9tier d&rsquo;horloger. De m\u00eame qu&rsquo;un individu ou une soci\u00e9t\u00e9 s&rsquo;explique et se comprend par son pass\u00e9, l&rsquo;horlogerie ne peut se d\u00e9chiffrer qu&rsquo;au regard de son histoire et des chefs d\u2019\u0153uvre que le Temps lui-m\u00eame a conserv\u00e9s des ma\u00eetres du pass\u00e9. \u00a0 \u00a0 \u00a0 [&hellip;]<\/p>\n","protected":false},"author":1,"featured_media":0,"parent":0,"menu_order":0,"comment_status":"closed","ping_status":"closed","template":"","meta":{"_et_pb_use_builder":"on","_et_pb_old_content":"","_et_gb_content_width":"","ngg_post_thumbnail":0,"footnotes":""},"class_list":["post-1651","page","type-page","status-publish","hentry"],"jetpack_shortlink":"https:\/\/wp.me\/P9eyn4-qD","jetpack-related-posts":[],"jetpack_sharing_enabled":true,"_links":{"self":[{"href":"https:\/\/brivet-naudot.com\/index.php\/wp-json\/wp\/v2\/pages\/1651","targetHints":{"allow":["GET"]}}],"collection":[{"href":"https:\/\/brivet-naudot.com\/index.php\/wp-json\/wp\/v2\/pages"}],"about":[{"href":"https:\/\/brivet-naudot.com\/index.php\/wp-json\/wp\/v2\/types\/page"}],"author":[{"embeddable":true,"href":"https:\/\/brivet-naudot.com\/index.php\/wp-json\/wp\/v2\/users\/1"}],"replies":[{"embeddable":true,"href":"https:\/\/brivet-naudot.com\/index.php\/wp-json\/wp\/v2\/comments?post=1651"}],"version-history":[{"count":12,"href":"https:\/\/brivet-naudot.com\/index.php\/wp-json\/wp\/v2\/pages\/1651\/revisions"}],"predecessor-version":[{"id":2000,"href":"https:\/\/brivet-naudot.com\/index.php\/wp-json\/wp\/v2\/pages\/1651\/revisions\/2000"}],"wp:attachment":[{"href":"https:\/\/brivet-naudot.com\/index.php\/wp-json\/wp\/v2\/media?parent=1651"}],"curies":[{"name":"wp","href":"https:\/\/api.w.org\/{rel}","templated":true}]}}