{"id":19,"date":"2017-09-25T20:55:33","date_gmt":"2017-09-25T18:55:33","guid":{"rendered":"http:\/\/brivet-naudot.com\/?page_id=19"},"modified":"2026-03-18T09:10:04","modified_gmt":"2026-03-18T08:10:04","slug":"contact","status":"publish","type":"page","link":"https:\/\/brivet-naudot.com\/index.php\/contact\/","title":{"rendered":"Contact"},"content":{"rendered":"<p>[et_pb_section fb_built=\u00a0\u00bb1&Prime; _builder_version=\u00a0\u00bb4.27.6&Prime; background_color=\u00a0\u00bb#a89789&Prime; min_height=\u00a0\u00bb335.3px\u00a0\u00bb global_colors_info=\u00a0\u00bb{}\u00a0\u00bb][et_pb_row _builder_version=\u00a0\u00bb4.16&Prime; background_size=\u00a0\u00bbinitial\u00a0\u00bb background_position=\u00a0\u00bbtop_left\u00a0\u00bb background_repeat=\u00a0\u00bbrepeat\u00a0\u00bb global_colors_info=\u00a0\u00bb{}\u00a0\u00bb][et_pb_column type=\u00a0\u00bb4_4&Prime; _builder_version=\u00a0\u00bb4.16&Prime; custom_padding=\u00a0\u00bb|||\u00a0\u00bb global_colors_info=\u00a0\u00bb{}\u00a0\u00bb custom_padding__hover=\u00a0\u00bb|||\u00a0\u00bb][et_pb_text _builder_version=\u00a0\u00bb4.27.6&Prime; _module_preset=\u00a0\u00bbdefault\u00a0\u00bb text_font=\u00a0\u00bbFrank Ruhl Libre|300|||||||\u00a0\u00bb text_text_color=\u00a0\u00bb#000000&Prime; text_font_size=\u00a0\u00bb20px\u00a0\u00bb text_line_height=\u00a0\u00bb1.8em\u00a0\u00bb background_layout=\u00a0\u00bbdark\u00a0\u00bb custom_margin=\u00a0\u00bb||0px|||\u00a0\u00bb global_colors_info=\u00a0\u00bb{}\u00a0\u00bb]<\/p>\n<p style=\"text-align: center;\"><span style=\"font-size: 18pt; color: #5c1e09;\">Atelier d&rsquo;horlogerie Brivet-Naudot<\/span><br \/>\nFinist\u00e8re, Bretagne<br \/>\nFrance<\/p>\n<p style=\"text-align: center;\"><span style=\"color: #000000;\">E-mail :<\/span> <a href=\"mailto:horloger@brivet-naudot.com\" class=\"ox-cc5ff24027-moz-txt-link-abbreviated mailto-link\" target=\"_blank\" rel=\"noopener\" tabindex=\"9999\">horloger@brivet-naudot.com<\/a><\/p>\n<p>[\/et_pb_text][\/et_pb_column][\/et_pb_row][\/et_pb_section]<\/p>\n","protected":false},"excerpt":{"rendered":"<p>Atelier d&rsquo;horlogerie Brivet-Naudot Finist\u00e8re, Bretagne France E-mail : horloger@brivet-naudot.com<\/p>\n","protected":false},"author":1,"featured_media":0,"parent":0,"menu_order":0,"comment_status":"closed","ping_status":"closed","template":"","meta":{"_et_pb_use_builder":"on","_et_pb_old_content":"<p style=\"text-align: center;\"><span style=\"font-size: 14pt; color: #5c1e09;\">Atelier d'horlogerie Brivet-Naudot<\/span>\nFinist\u00e8re, Bretagne\nFrance<\/p>\n<p style=\"text-align: center;\"><span style=\"color: #5c1e09;\">E-mail :<\/span> horloger@brivet-naudot.com<\/p>\n<p style=\"text-align: center;\"><span style=\"color: #5c1e09;\">T\u00e9l. :<\/span> +33 (0)651 49 25 39<\/p>\n\n<div>&nbsp;<\/div>\n<div style=\"text-align: center;\"><span style=\"font-size: 14pt;\">Si vous \u00eates journaliste, un dossier presse est disponible sur simple demande.<\/span><\/div>\n<div>&nbsp;<\/div>\n<div>&nbsp;<\/div>\n<div><strong><span style=\"font-size: 18pt; color: #5c1e09;\">Revue de presse : <\/span><\/strong><\/div>\n<div>&nbsp;<\/div>\n<div>(fr) <a href=\"https:\/\/businessmontres.com\/article\/sept-montres-qui-ne-vont-pas-manquer-de-piquer-la-curiosite-des-jures-du-gphg-2020-behrens-bovet1822-brivetnaudot-charlesgirardier-hmosercie-ming-seiko\"><span style=\"font-size: 14pt;\">Sept montres qui ne vont pas manquer de piquer la curiosit\u00e9 des jur\u00e9s du GPHG 2020<\/span><\/a> <a href=\"https:\/\/businessmontres.com\/article\/sept-montres-qui-ne-vont-pas-manquer-de-piquer-la-curiosite-des-jures-du-gphg-2020-behrens-bovet1822-brivetnaudot-charlesgirardier-hmosercie-ming-seiko\">(businessmontres.com)<\/a><\/div>\n<div>&nbsp;<\/div>\n<div>(fr) <a href=\"http:\/\/brivet-naudot.com\/wp-content\/uploads\/2018\/09\/RDM238-Brivet-de-Naudot.pdf\"><span style=\"font-size: 14pt;\">Cyril Brivet-Naudot : des Paroles et des Actes<\/span><\/a> <a href=\"http:\/\/www.larevuedesmontres.com\">(larevuedesmontres.com)<\/a><\/div>\n<div>&nbsp;<\/div>\n<div>(fr) <a href=\"https:\/\/businessmontres.com\/article\/les-nouveaux-horlogers-francais-ont-du-genie-huitieme-episode-cyril-brivet-naudot\"><span style=\"font-size: 14pt;\">Les nouveaux horlogers fran\u00e7ais ont du g\u00e9nie : Cyril Brivet-Naudot<\/span> (businessmontres.com)<\/a><\/div>\n<div>&nbsp;<\/div>\n<div>(fr) <a href=\"https:\/\/equationdutemps.blogspot.com\/2018\/06\/la-premiere-montre-de-cyril-brivet.html\"><span style=\"font-size: 14pt;\">La premi\u00e8re montre de Cyril Brivet-Naudot: l'Eccentricity<\/span> (equationdutemps.blogspot.com)<\/a><\/div>\n<div>&nbsp;<\/div>\n<div>(fr) <a href=\"http:\/\/www.lepoint.fr\/montres\/cyril-brivet-naudot-ressuscite-l-artisanat-horloger-francais-24-06-2018-2229980_2648.php\"><span style=\"font-size: 14pt;\">Cyril Brivet-Naudot ressuscite l'artisanat horloger fran\u00e7ais<\/span> (lepoint.fr)<\/a><\/div>\n<div>&nbsp;<\/div>\n(en) <a href=\"https:\/\/timeandtidewatches.com\/5-disruptive-gphg-nominees-2020\/\"><span style=\"font-size: 14pt;\">GPHG 2020 : 5 disruptives watches <\/span>(timeandtidewatches.com)<\/a>\n<div>(en) <a href=\"https:\/\/www.nytimes.com\/2019\/01\/14\/fashion\/watches-rexhep-rexhepi-geneva.html\"><span style=\"font-size: 14pt;\">The new kids on the watchmaking block<\/span> (The New York Times)<\/a><\/div>\n<div>&nbsp;<\/div>\n<div>(en) <a href=\"http:\/\/mrwatchmaster.com\/mrwatchmaster-meets-cyril-brivet-naudot\/\"><span style=\"font-size: 14pt;\">MrWatchMaster Meets\u2026Cyril Brivet-Naudot<\/span> (mrwatchmaster.com)<\/a><\/div>\n<div>&nbsp;<\/div>\n<div>(en) <a href=\"https:\/\/www.watchprozine.com\/independents\/the-first-watch-from-cyril-brivet-naudot-the-eccentricity\/9989766\/\"><span style=\"font-size: 14pt;\">The fisrt watch from Cyril Brivet-Naudot: the Eccentricity<\/span> (watchprozine.com)<\/a><\/div>\n<div>&nbsp;<\/div>\n<div>(en) <a href=\"https:\/\/www.watchprozine.com\/independents\/the-first-watch-from-cyril-brivet-naudot-the-eccentricity\/9989766\/\"><span style=\"font-size: 14pt;\">Eccentricity: New Artisanal French Wathmaking<\/span> (iwmagazine.com)<\/a><\/div>\n<div>&nbsp;<\/div>\n<div>(en) <a href=\"https:\/\/www.hodinkee.com\/articles\/eccentricity-cyril-brivet-naudot-introducing\"><span style=\"font-size: 14pt;\">The Eccentricity by independent french watchmaker Cyril Brivet-Naudot<\/span> (hodinkee.com)<\/a><\/div>\n<div>&nbsp;<\/div>\n<div><span style=\"font-size: 14pt;\"><span style=\"font-size: 12pt;\">(en)<\/span> <a href=\"http:\/\/watchesbysjx.com\/2018\/06\/introducing-the-brivet-naudot-wristwatch-hand-made-without-cnc.html\">Introducing the Brivet-Naudot wristwatch hand made without CNC <span style=\"font-size: 12pt;\">(<\/span><\/a><span style=\"font-size: 12pt;\"><a href=\"http:\/\/watchesbysjx.com\/2018\/06\/introducing-the-brivet-naudot-wristwatch-hand-made-without-cnc.html\">watchesbysjx.com)<\/a><\/span><\/span><\/div>\n<div>&nbsp;<\/div>\n<div>(en) <a href=\"https:\/\/www.thewatchpress.com\/articles\/2018\/6\/9\/brivet-naudot-eccentricity\"><span style=\"font-size: 14pt;\">Brivet-Naudot Eccentricity - How to Drop a Watch!<\/span> (thewatchpress.com)<\/a><\/div>\n<div>&nbsp;<\/div>\n<div>(en) <a href=\"https:\/\/monochrome-watches.com\/spotlight-on-young-talents-cyril-brivet-naudot-eccentricity\/\"><span style=\"font-size: 14pt;\">Spotlight On Young Talents \u2013 Cyril Brivet-Naudot Eccentricity<\/span> (monochrome-watches.com)<\/a><\/div>\n<div>&nbsp;<\/div>\n<div>(ru)<a href=\"http:\/\/revolution-press.ru\/articles\/brivet-naudot-eccentricity-proch-ot-chpu-nazad-k-tradiciyam-chasovogo-dela\/\"><span style=\"font-size: 14pt;\"> \u043f\u0440\u043e\u0447\u044c \u043e\u0442 \u0427\u041f\u0423, \u043d\u0430\u0437\u0430\u0434 \u043a \u0442\u0440\u0430\u0434\u0438\u0446\u0438\u044f\u043c \u0447\u0430\u0441\u043e\u0432\u043e\u0433\u043e \u0434\u0435\u043b\u0430<\/span><\/a><a href=\"http:\/\/revolution-press.ru\/articles\/brivet-naudot-eccentricity-proch-ot-chpu-nazad-k-tradiciyam-chasovogo-dela\/\"> (revolution-press.ru)<\/a><\/div>\n<div>&nbsp;<\/div>\n<div>(pt) <a href=\"https:\/\/www.relogioserelogios.com.br\/News\/Article\/3611\/cyril-brivetnaudot-eccentricity-um-relogio-feito-inteiramente-a-mao\"><span style=\"font-size: 14pt;\">\u201cEccentricity, um rel\u00f3gio feito inteiramente \u00e0 m\u00e3o\"<\/span> (relogioserelogios.com.br)<\/a>&nbsp;&nbsp;&nbsp;<\/div>\n<div>(es) <a href=\"http:\/\/www.ozmagazine.com.mx\/eccentricity-el-futuro-antiguo-de-los-relojes\/\"><span style=\"font-size: 14pt;\">\u201cEccentricity\u201d: el futuro antiguo de los relojes<\/span> (ozmagazine.com.mx)<\/a><\/div>\n<div>&nbsp;<\/div>\n<div>(ja) <a href=\"https:\/\/watch-media-online.com\/blogs\/2318\/\"><span style=\"font-size: 14pt;\">\u30d0\u30fc\u30bc\u30eb\u30ef\u30fc\u30eb\u30c92019 \u30b7\u30ea\u30eb\u30fb\u30d6\u30ea\u30f4\u30a7-\u30ce\u30c9 \u30e6\u30cb\u30fc\u30af\u306a\u30ea\u30d6\u30ec\u30fb\u30a8\u30ad\u30bb\u30f3\u30c8\u30ea\u30c3\u30af\u8131\u9032\u6a5f\u3092\u6301\u3063\u305f\u30a8\u30bb\u30f3\u30c8\u30ea\u30b7\u30c6\u30a3<\/span> (watch-media-online.com)<\/a><\/div>\n<div>&nbsp;<\/div>\n<div>&nbsp;<\/div>\n<div style=\"text-align: center;\"><a href=\"https:\/\/www.facebook.com\/cyril.brivet.naudot\" target=\"_blank\" rel=\"noopener noreferrer\"><img class=\"alignnone wp-image-1028\" src=\"http:\/\/brivet-naudot.com\/wp-content\/uploads\/2018\/06\/logo-FB-150x150.png\" alt=\"\" width=\"100\" height=\"100\"><\/a><a href=\"https:\/\/www.instagram.com\/cyril_brivet_naudot\/\">&nbsp;&nbsp;&nbsp;&nbsp;&nbsp;&nbsp;&nbsp;&nbsp;&nbsp;&nbsp;&nbsp;&nbsp;&nbsp;&nbsp;&nbsp;&nbsp;&nbsp;&nbsp;&nbsp;&nbsp;&nbsp;&nbsp;&nbsp;&nbsp;&nbsp;&nbsp;&nbsp;&nbsp;&nbsp;&nbsp;&nbsp;&nbsp;&nbsp;&nbsp;&nbsp;&nbsp;&nbsp;&nbsp;&nbsp;&nbsp;&nbsp;&nbsp;&nbsp;&nbsp;&nbsp;&nbsp;&nbsp;&nbsp; <\/a><a href=\"https:\/\/www.instagram.com\/cyril_brivet_naudot\/\" target=\"_blank\" rel=\"noopener noreferrer\"><img class=\"alignnone wp-image-1029\" src=\"http:\/\/brivet-naudot.com\/wp-content\/uploads\/2018\/06\/serveimage-150x150.png\" alt=\"\" width=\"100\" height=\"100\"><\/a><\/div>\n<div>&nbsp;<\/div>","_et_gb_content_width":"","ngg_post_thumbnail":0,"footnotes":""},"class_list":["post-19","page","type-page","status-publish","hentry"],"jetpack_shortlink":"https:\/\/wp.me\/P9eyn4-j","jetpack-related-posts":[],"jetpack_sharing_enabled":true,"_links":{"self":[{"href":"https:\/\/brivet-naudot.com\/index.php\/wp-json\/wp\/v2\/pages\/19","targetHints":{"allow":["GET"]}}],"collection":[{"href":"https:\/\/brivet-naudot.com\/index.php\/wp-json\/wp\/v2\/pages"}],"about":[{"href":"https:\/\/brivet-naudot.com\/index.php\/wp-json\/wp\/v2\/types\/page"}],"author":[{"embeddable":true,"href":"https:\/\/brivet-naudot.com\/index.php\/wp-json\/wp\/v2\/users\/1"}],"replies":[{"embeddable":true,"href":"https:\/\/brivet-naudot.com\/index.php\/wp-json\/wp\/v2\/comments?post=19"}],"version-history":[{"count":58,"href":"https:\/\/brivet-naudot.com\/index.php\/wp-json\/wp\/v2\/pages\/19\/revisions"}],"predecessor-version":[{"id":1923,"href":"https:\/\/brivet-naudot.com\/index.php\/wp-json\/wp\/v2\/pages\/19\/revisions\/1923"}],"wp:attachment":[{"href":"https:\/\/brivet-naudot.com\/index.php\/wp-json\/wp\/v2\/media?parent=19"}],"curies":[{"name":"wp","href":"https:\/\/api.w.org\/{rel}","templated":true}]}}