{"id":617,"date":"2017-11-18T19:40:56","date_gmt":"2017-11-18T18:40:56","guid":{"rendered":"http:\/\/brivet-naudot.com\/?page_id=617"},"modified":"2026-03-18T16:23:20","modified_gmt":"2026-03-18T15:23:20","slug":"les-montres","status":"publish","type":"page","link":"https:\/\/brivet-naudot.com\/index.php\/les-montres\/","title":{"rendered":"Les montres"},"content":{"rendered":"<p>[et_pb_section fb_built=\u00a0\u00bb1&Prime; admin_label=\u00a0\u00bbsection\u00a0\u00bb _builder_version=\u00a0\u00bb4.27.6&Prime; background_color=\u00a0\u00bb#a89789&Prime; hover_enabled=\u00a0\u00bb0&Prime; global_colors_info=\u00a0\u00bb{}\u00a0\u00bb sticky_enabled=\u00a0\u00bb0&Prime;][et_pb_row admin_label=\u00a0\u00bbrow\u00a0\u00bb _builder_version=\u00a0\u00bb4.27.6&Prime; background_size=\u00a0\u00bbinitial\u00a0\u00bb background_position=\u00a0\u00bbtop_left\u00a0\u00bb background_repeat=\u00a0\u00bbrepeat\u00a0\u00bb custom_margin=\u00a0\u00bb-40px||||false|false\u00a0\u00bb hover_enabled=\u00a0\u00bb0&Prime; global_colors_info=\u00a0\u00bb{}\u00a0\u00bb sticky_enabled=\u00a0\u00bb0&Prime;][et_pb_column type=\u00a0\u00bb4_4&Prime; _builder_version=\u00a0\u00bb4.16&Prime; custom_padding=\u00a0\u00bb|||\u00a0\u00bb global_colors_info=\u00a0\u00bb{}\u00a0\u00bb custom_padding__hover=\u00a0\u00bb|||\u00a0\u00bb][et_pb_text _builder_version=\u00a0\u00bb4.27.6&Prime; _module_preset=\u00a0\u00bbdefault\u00a0\u00bb text_font=\u00a0\u00bbFrank Ruhl Libre|300|||||||\u00a0\u00bb text_text_color=\u00a0\u00bb#000000&Prime; text_font_size=\u00a0\u00bb17px\u00a0\u00bb background_layout=\u00a0\u00bbdark\u00a0\u00bb global_colors_info=\u00a0\u00bb{}\u00a0\u00bb]<\/p>\n<p>\u00a0 \u00a0 \u00a0Suivant ma <a href=\"http:\/\/brivet-naudot.com\/index.php\/philosophie\/\"><span style=\"color: #5c1e09;\">philosophie<\/span><\/a>, la tr\u00e8s large majorit\u00e9 des composants sont fabriqu\u00e9s en interne, y compris les vis, les goupilles et le bo\u00eetier, pi\u00e8ces tr\u00e8s souvent puis\u00e9es dans des catalogues de pi\u00e8ces standard et fabriqu\u00e9es en grande s\u00e9rie ou externalis\u00e9es. Seule une partie des rubis, le ressort de barillet et le spiral sont achet\u00e9s \u00e0 l&rsquo;ext\u00e9rieur, trois types de pi\u00e8ces dont les processus de mise en forme sont des m\u00e9tiers \u00e0 part enti\u00e8re. Les montres sont munies d&rsquo;un \u00e9chappement particulier, enti\u00e8rement fabriqu\u00e9 \u00e0 la main.<\/p>\n<p>[\/et_pb_text][et_pb_heading title=\u00a0\u00bbL&rsquo;Eccentricity r\u00e9serve de marche\u00a0\u00bb _builder_version=\u00a0\u00bb4.27.6&Prime; _module_preset=\u00a0\u00bbdefault\u00a0\u00bb global_colors_info=\u00a0\u00bb{}\u00a0\u00bb][\/et_pb_heading][et_pb_gallery gallery_ids=\u00a0\u00bb1341,1339,1338,1334,1318,696&Prime; posts_number=\u00a0\u00bb9&Prime; show_title_and_caption=\u00a0\u00bboff\u00a0\u00bb show_pagination=\u00a0\u00bboff\u00a0\u00bb _builder_version=\u00a0\u00bb4.27.6&Prime; _module_preset=\u00a0\u00bbdefault\u00a0\u00bb custom_margin=\u00a0\u00bb||15px|||\u00a0\u00bb border_radii_image=\u00a0\u00bbon|5px|5px|5px|5px\u00a0\u00bb border_width_all_image=\u00a0\u00bb2px\u00a0\u00bb border_color_all_image=\u00a0\u00bb#5c1e09&Prime; global_colors_info=\u00a0\u00bb{}\u00a0\u00bb][\/et_pb_gallery][et_pb_text _builder_version=\u00a0\u00bb4.27.6&Prime; _module_preset=\u00a0\u00bbdefault\u00a0\u00bb text_font=\u00a0\u00bbFrank Ruhl Libre|300|||||||\u00a0\u00bb text_text_color=\u00a0\u00bb#000000&Prime; text_font_size=\u00a0\u00bb17px\u00a0\u00bb background_layout=\u00a0\u00bbdark\u00a0\u00bb global_colors_info=\u00a0\u00bb{}\u00a0\u00bb]<\/p>\n<p>Voici quelques d\u00e9tails de ma premi\u00e8re cr\u00e9ation, fabriqu\u00e9e \u00e0 un seul exemplaire pendant pr\u00e8s de trois ans, dont une ann\u00e9e de fabrication :<\/p>\n<ul>\n<li>Calibre \u00e0 remontage manuel par clef<\/li>\n<li>Mise \u00e0 l&rsquo;heure par clef<\/li>\n<li>Fr\u00e9quence : 18 000 alt.h<sup>-1<\/sup><\/li>\n<li>\u00c9chappement : libre excentrique<\/li>\n<li>Indication : heures et minutes par cadran tournant, indicateur de r\u00e9serve de marche \u00e0 6h<\/li>\n<li>R\u00e9serve de marche minimum : 40h<\/li>\n<li>Balancier c\u00f4t\u00e9 cadran<\/li>\n<li>Bo\u00eetier : 39mm<\/li>\n<li>Bracelet rembord\u00e9 main en alligator brun<\/li>\n<li>\u00c9tanche 3 ATM<\/li>\n<\/ul>\n<p>[\/et_pb_text][et_pb_heading title=\u00a0\u00bbL&rsquo;Eccentricity\u00a0\u00bb _builder_version=\u00a0\u00bb4.27.6&Prime; _module_preset=\u00a0\u00bbdefault\u00a0\u00bb title_level=\u00a0\u00bbh2&Prime; global_colors_info=\u00a0\u00bb{}\u00a0\u00bb][\/et_pb_heading][et_pb_gallery gallery_ids=\u00a0\u00bb711,710,702,701,730,806,709,704,705,697&Prime; posts_number=\u00a0\u00bb10&Prime; show_title_and_caption=\u00a0\u00bboff\u00a0\u00bb show_pagination=\u00a0\u00bboff\u00a0\u00bb _builder_version=\u00a0\u00bb4.27.6&Prime; _module_preset=\u00a0\u00bbdefault\u00a0\u00bb border_radii_image=\u00a0\u00bbon|5px|5px|5px|5px\u00a0\u00bb border_width_all_image=\u00a0\u00bb2px\u00a0\u00bb border_color_all_image=\u00a0\u00bb#5c1e09&Prime; global_colors_info=\u00a0\u00bb{}\u00a0\u00bb][\/et_pb_gallery][et_pb_text _builder_version=\u00a0\u00bb4.27.6&Prime; _module_preset=\u00a0\u00bbdefault\u00a0\u00bb text_font=\u00a0\u00bbFrank Ruhl Libre|300|||||||\u00a0\u00bb text_text_color=\u00a0\u00bb#000000&Prime; text_font_size=\u00a0\u00bb17px\u00a0\u00bb background_layout=\u00a0\u00bbdark\u00a0\u00bb global_colors_info=\u00a0\u00bb{}\u00a0\u00bb]<\/p>\n<p>\u00a0 \u00a0 \u00a0 Par la nature artisanale de mon travail, aucune montre ne peut \u00eatre identique \u00e0 une autre, il n&rsquo;y a pas d&rsquo;interchangeabilit\u00e9 possible, pas d&rsquo;uniformit\u00e9. Si des machines-outils sont employ\u00e9es, un tr\u00e8s gros travail est r\u00e9alis\u00e9 \u00e0 la lime, \u00e0 l&rsquo;appr\u00e9ciation de l\u2019\u0153il autant qu&rsquo;\u00e0 celle des plans.<em> Chaque cr\u00e9ation est donc fondamentalement unique.<\/em> En outre, ma d\u00e9marche est d&rsquo;offrir au client des pi\u00e8ces cr\u00e9\u00e9es suivant ses envies, dans un style qui m&rsquo;est propre mais o\u00f9 les complications, l&rsquo;affichage, les mat\u00e9riaux, l&rsquo;\u00e9chappement, la disposition des composants, etc. sont d\u00e9finis par le client. Pensant que faire deux fois la m\u00eame chose est une facilit\u00e9 inf\u00e9conde, je me r\u00e9jouis qu&rsquo;il n&rsquo;y ait pas deux clients identiques pour pouvoir recr\u00e9er \u00e0 chaque nouvelle commande.<\/p>\n<p>&nbsp;<\/p>\n<p>Vous pouvez t\u00e9l\u00e9charger une brochure sur l&rsquo;\u00e9chappement <a href=\"http:\/\/brivet-naudot.com\/wp-content\/uploads\/2018\/06\/Plaquette-8-pages-\u00e9chappement.pdf\">en cliquant ici<\/a> et sur la montre <a href=\"http:\/\/brivet-naudot.com\/wp-content\/uploads\/2018\/06\/Plaquette-8-pages-montre.pdf\">en cliquant l\u00e0<\/a>.<\/p>\n<p>[\/et_pb_text][et_pb_heading title=\u00a0\u00bbLe fonctionnement de l&rsquo;\u00e9chappement au bruit si particulier :\u00a0\u00bb _builder_version=\u00a0\u00bb4.27.6&Prime; _module_preset=\u00a0\u00bbdefault\u00a0\u00bb title_level=\u00a0\u00bbh3&Prime; global_colors_info=\u00a0\u00bb{}\u00a0\u00bb][\/et_pb_heading][et_pb_video src=\u00a0\u00bbhttps:\/\/vimeo.com\/274636993&Prime; _builder_version=\u00a0\u00bb4.27.6&Prime; _module_preset=\u00a0\u00bbdefault\u00a0\u00bb width=\u00a0\u00bb70%\u00a0\u00bb module_alignment=\u00a0\u00bbcenter\u00a0\u00bb global_colors_info=\u00a0\u00bb{}\u00a0\u00bb][\/et_pb_video][et_pb_heading title=\u00a0\u00bbLe mouvement en photos\u00a0\u00bb _builder_version=\u00a0\u00bb4.27.6&Prime; _module_preset=\u00a0\u00bbdefault\u00a0\u00bb title_level=\u00a0\u00bbh2&Prime; global_colors_info=\u00a0\u00bb{}\u00a0\u00bb][\/et_pb_heading][et_pb_gallery gallery_ids=\u00a0\u00bb728,727,726,725,724,723,722,721,720,719,718,717,716,715,713&Prime; posts_number=\u00a0\u00bb15&Prime; show_title_and_caption=\u00a0\u00bboff\u00a0\u00bb show_pagination=\u00a0\u00bboff\u00a0\u00bb _builder_version=\u00a0\u00bb4.27.6&Prime; _module_preset=\u00a0\u00bbdefault\u00a0\u00bb border_radii_image=\u00a0\u00bbon|5px|5px|5px|5px\u00a0\u00bb border_width_all_image=\u00a0\u00bb2px\u00a0\u00bb border_color_all_image=\u00a0\u00bb#5c1e09&Prime; global_colors_info=\u00a0\u00bb{}\u00a0\u00bb][\/et_pb_gallery][et_pb_heading title=\u00a0\u00bbLe fonctionnement de l&rsquo;affichage :\u00a0\u00bb _builder_version=\u00a0\u00bb4.27.6&Prime; _module_preset=\u00a0\u00bbdefault\u00a0\u00bb title_level=\u00a0\u00bbh3&Prime; global_colors_info=\u00a0\u00bb{}\u00a0\u00bb][\/et_pb_heading][et_pb_video src=\u00a0\u00bbhttps:\/\/vimeo.com\/274638561?\u00a0\u00bb _builder_version=\u00a0\u00bb4.27.6&Prime; _module_preset=\u00a0\u00bbdefault\u00a0\u00bb width=\u00a0\u00bb70%\u00a0\u00bb module_alignment=\u00a0\u00bbcenter\u00a0\u00bb locked=\u00a0\u00bboff\u00a0\u00bb global_colors_info=\u00a0\u00bb{}\u00a0\u00bb][\/et_pb_video][\/et_pb_column][\/et_pb_row][\/et_pb_section]<\/p>\n","protected":false},"excerpt":{"rendered":"<p>\u00a0 \u00a0 \u00a0Suivant ma philosophie, la tr\u00e8s large majorit\u00e9 des composants sont fabriqu\u00e9s en interne, y compris les vis, les goupilles et le bo\u00eetier, pi\u00e8ces tr\u00e8s souvent puis\u00e9es dans des catalogues de pi\u00e8ces standard et fabriqu\u00e9es en grande s\u00e9rie ou externalis\u00e9es. Seule une partie des rubis, le ressort de barillet et le spiral sont achet\u00e9s [&hellip;]<\/p>\n","protected":false},"author":1,"featured_media":0,"parent":0,"menu_order":0,"comment_status":"closed","ping_status":"closed","template":"","meta":{"_et_pb_use_builder":"on","_et_pb_old_content":"Suivant ma <a href=\"http:\/\/brivet-naudot.com\/index.php\/philosophie\/\"><span style=\"color: #5c1e09;\">philosophie<\/span><\/a>, la tr\u00e8s large majorit\u00e9 des composants sont fabriqu\u00e9s en interne, y compris les vis, les goupilles et le bo\u00eetier, pi\u00e8ces tr\u00e8s souvent puis\u00e9es dans des catalogues de pi\u00e8ces standard et fabriqu\u00e9es en grande s\u00e9rie ou externalis\u00e9es. Seule une partie des rubis, le ressort de barillet et le spiral sont achet\u00e9s \u00e0 l'ext\u00e9rieur, trois types de pi\u00e8ces dont les processus de mise en forme sont des m\u00e9tiers \u00e0 part enti\u00e8re. Les montres sont munies d'un \u00e9chappement particulier, enti\u00e8rement fabriqu\u00e9 \u00e0 la main.\n\n&nbsp;\n\n<span style=\"color: #5c1e09;\"><strong>L'Eccentricity R\u00e9serve de marche<\/strong><\/span>\n\n[justified_image_grid preset=1 thumbs_spacing=7 row_height=160 height_deviation=50 pp_social_buttons=FP photoswipe_theme=dark prettyphoto_theme=dark_square title_field=off caption_field=off caption=off mobile_caption=off overlay_opacity=0.15 lightbox=photoswipe lightbox_max_size=full loading_background=#5c1e09 orderby=rand filterby=post_format max_rows=6 last_row=center mouse_disable=yes load_more=scroll randomize_width=150 ng_gallery=15 ng_display_tags=no]\n\n&nbsp;\n<ul>\n \t<li>Calibre \u00e0 remontage manuel par clef<\/li>\n \t<li>Mise \u00e0 l'heure par clef<\/li>\n \t<li>Fr\u00e9quence : 18 000 alt.h<sup>-1<\/sup><\/li>\n \t<li>\u00c9chappement : libre excentrique<\/li>\n \t<li>Indication : heures et minutes par cadran tournant, indicateur de r\u00e9serve de marche \u00e0 6h<\/li>\n \t<li>R\u00e9serve de marche minimum : 40h<\/li>\n \t<li>Balancier c\u00f4t\u00e9 cadran<\/li>\n \t<li>Bo\u00eetier : 39mm<\/li>\n \t<li>Bracelet rembord\u00e9 main en alligator brun<\/li>\n \t<li>\u00c9tanche 3 ATM<\/li>\n<\/ul>\n&nbsp;\n\n<span style=\"color: #5c1e09;\"><strong>L'Eccentricity<\/strong><\/span>\n\n[justified_image_grid preset=1 thumbs_spacing=7 row_height=160 height_deviation=50 pp_social_buttons=FP photoswipe_theme=dark prettyphoto_theme=dark_square title_field=off caption_field=off caption=off mobile_caption=off overlay_opacity=0.15 lightbox=photoswipe lightbox_max_size=full loading_background=#5c1e09 orderby=rand filterby=post_format max_rows=6 last_row=center mouse_disable=yes load_more=scroll randomize_width=150 ng_gallery=8 ng_display_tags=no]\n\n&nbsp;\n\nPar la nature artisanale de mon travail, aucune montre ne peut \u00eatre identique \u00e0 une autre, il n'y a pas d'interchangeabilit\u00e9 possible, pas d'uniformit\u00e9. Si des machines-outils sont employ\u00e9es, un tr\u00e8s gros travail est r\u00e9alis\u00e9 \u00e0 la lime, \u00e0 l'appr\u00e9ciation de l\u2019\u0153il autant qu'\u00e0 celle des plans.<em> Chaque cr\u00e9ation est donc fondamentalement unique.<\/em> En outre, ma d\u00e9marche est d'offrir au client des pi\u00e8ces cr\u00e9\u00e9es suivant ses envies, dans un style qui m'est propre mais o\u00f9 les complications, l'affichage, les mat\u00e9riaux, l'\u00e9chappement, la disposition des composants, etc. sont d\u00e9finis par le client. Pensant que faire deux fois la m\u00eame chose est une facilit\u00e9 inf\u00e9conde, je me r\u00e9jouis qu'il n'y ait pas deux clients identiques pour pouvoir recr\u00e9er \u00e0 chaque nouvelle commande.\n\n&nbsp;\n\nVous pouvez t\u00e9l\u00e9charger une brochure sur l'\u00e9chappement <a href=\"http:\/\/brivet-naudot.com\/wp-content\/uploads\/2018\/06\/Plaquette-8-pages-\u00e9chappement.pdf\">en cliquant ici<\/a> et sur la montre <a href=\"http:\/\/brivet-naudot.com\/wp-content\/uploads\/2018\/06\/Plaquette-8-pages-montre.pdf\">en cliquant l\u00e0<\/a>.\n\n&nbsp;\n\nLe fonctionnement de l'\u00e9chappement au bruit si particulier :\n\nhttps:\/\/vimeo.com\/274636993\n\nVoici quelques d\u00e9tails de ma premi\u00e8re cr\u00e9ation, fabriqu\u00e9e \u00e0 un seul exemplaire pendant pr\u00e8s de trois ans, dont une ann\u00e9e de fabrication :\n<ul>\n \t<li>Calibre \u00e0 remontage manuel par clef<\/li>\n \t<li>Mise \u00e0 l'heure par clef<\/li>\n \t<li>Fr\u00e9quence : 18 000 alt.h<sup>-1<\/sup><\/li>\n \t<li>\u00c9chappement : libre excentrique<\/li>\n \t<li>Indication : heures et minutes par cadran tournant<\/li>\n \t<li>R\u00e9serve de marche minimum : 40h<\/li>\n \t<li>Balancier c\u00f4t\u00e9 cadran<\/li>\n \t<li>Bo\u00eetier : 39mm<\/li>\n \t<li>Bracelet rembord\u00e9 main en alligator brun<\/li>\n \t<li>\u00c9tanche 3 ATM<\/li>\n<\/ul>\n&nbsp;\n\n<span style=\"font-size: 14pt;\">Le mouvement en photos :<\/span>\n\n[justified_image_grid preset=1 thumbs_spacing=7 row_height=150 height_deviation=50 pp_social_buttons=FP photoswipe_theme=dark prettyphoto_theme=dark_square title_field=off caption_field=off caption=off mobile_caption=off overlay_opacity=0.15 lightbox=photoswipe lightbox_max_size=full loading_background=#5c1e09 orderby=rand filterby=post_format max_rows=6 last_row=center mouse_disable=yes load_more=scroll randomize_width=150 ng_gallery=9 ng_display_tags=no]\n\n&nbsp;\n\nLe fonctionnement de l'affichage en vid\u00e9o :\n\nhttps:\/\/vimeo.com\/274638561","_et_gb_content_width":"","ngg_post_thumbnail":0,"footnotes":""},"class_list":["post-617","page","type-page","status-publish","hentry"],"jetpack_shortlink":"https:\/\/wp.me\/P9eyn4-9X","jetpack-related-posts":[],"jetpack_sharing_enabled":true,"_links":{"self":[{"href":"https:\/\/brivet-naudot.com\/index.php\/wp-json\/wp\/v2\/pages\/617","targetHints":{"allow":["GET"]}}],"collection":[{"href":"https:\/\/brivet-naudot.com\/index.php\/wp-json\/wp\/v2\/pages"}],"about":[{"href":"https:\/\/brivet-naudot.com\/index.php\/wp-json\/wp\/v2\/types\/page"}],"author":[{"embeddable":true,"href":"https:\/\/brivet-naudot.com\/index.php\/wp-json\/wp\/v2\/users\/1"}],"replies":[{"embeddable":true,"href":"https:\/\/brivet-naudot.com\/index.php\/wp-json\/wp\/v2\/comments?post=617"}],"version-history":[{"count":45,"href":"https:\/\/brivet-naudot.com\/index.php\/wp-json\/wp\/v2\/pages\/617\/revisions"}],"predecessor-version":[{"id":1992,"href":"https:\/\/brivet-naudot.com\/index.php\/wp-json\/wp\/v2\/pages\/617\/revisions\/1992"}],"wp:attachment":[{"href":"https:\/\/brivet-naudot.com\/index.php\/wp-json\/wp\/v2\/media?parent=617"}],"curies":[{"name":"wp","href":"https:\/\/api.w.org\/{rel}","templated":true}]}}